{"id":3203,"date":"2025-06-16T08:47:51","date_gmt":"2025-06-16T07:47:51","guid":{"rendered":"https:\/\/www.ciprodukt.si\/lesene-hise-2\/"},"modified":"2025-06-17T07:20:36","modified_gmt":"2025-06-17T06:20:36","slug":"drvene-kuce","status":"publish","type":"page","link":"https:\/\/www.ciprodukt.si\/hr\/drvene-kuce\/","title":{"rendered":"Drvene ku\u0107e"},"content":{"rendered":"<div class=\"wpb-content-wrapper\"><p>[vc_row full_width=&#8221;stretch_row_content_no_spaces&#8221; el_class=&#8221;sp-page-title&#8221;][vc_column]\t\t\n\t\t<div class=\"title-banner-bg\" style=\"background-image: linear-gradient(rgba(0, 0, 0, 0.0),rgba(0, 0, 0, 0.0)),url(https:\/\/www.ciprodukt.si\/wp-content\/uploads\/2024\/05\/a3-pomanjsana.jpg);\">\n\t\t<div class=\"title-banner-bg-mobile-shadow\"><\/div>\n\t\t<\/div>\n\t\t\t\t\n\t\t<div class=\"title-banner\">\n\t\t\t<div class=\"container\">\n\t\t\t\t<div class=\"breadcrumbs-container\">\n\t\t\t\t\t\t<div class=\"breadcrumbs\">\n\t\t\t\t\t\t\t\n\t<ul class=\"ns-breadcrumbs\">\n\t\t\t<li><a href=\"https:\/\/www.ciprodukt.si\/hr\/\">Dom<\/a><\/li>\n\t\t\t\t<li>Drvene ku\u0107e<\/li>\n\t<\/ul>\n\t\n\t\t\t\t\t\t\t\t<div class=\"clearfix\"><\/div>\n\t\t\t\t\t\t<\/div>\n\t\t\t\t<\/div>\n\t\t\t\t\t\t\t\t\t<h1 class=\"entry-title\">Drvene ku\u0107e<\/h1>\n\t\t\t\t\t\t\t\t\t\t\t\t\t<p>Drvene ku\u0107e predstavljaju moderan i odr\u017eiv pristup gradnji domova. Oni izra\u017eavaju profinjenu eleganciju prirodnih materijala, ali u isto vrijeme nude mnoge prakti\u010dne prednosti.<\/p>\n\t\t\t<\/div>\n\t\t<\/div>\n\n\t\t[\/vc_column][\/vc_row][vc_row full_width=&#8221;stretch_row&#8221; gap=&#8221;30&#8243; el_class=&#8221;sp-row&#8221;][vc_column]          \n\n\n          \n          \n                  <div class=\"subcat-wrap subcat-wrap-slider\" id=\"6a06048b4e935\">\n    \n\n                        <div class=\"subcat-cont\">\n              <a href=\"https:\/\/www.ciprodukt.si\/hr\/drvene-kuce\/skeletne-kuce\/\" class=\"subcat-item\">\n                <div>\n                    <div class=\"image\">\n                      <img decoding=\"async\" src=\"https:\/\/www.ciprodukt.si\/wp-content\/uploads\/2024\/05\/skeletne-scaled.jpg\">\n                      <div class=\"svg\"><svg xmlns=\"http:\/\/www.w3.org\/2000\/svg\" width=\"33\" height=\"33\" viewBox=\"0 0 33 33\"><g id=\"Group_39\" data-name=\"Group 39\" transform=\"translate(-1.5 -1.5)\"><path id=\"Path_493\" data-name=\"Path 493\" d=\"M33,18A15,15,0,1,1,18,3,15,15,0,0,1,33,18Z\" fill=\"none\" stroke=\"#fff\" stroke-linecap=\"round\" stroke-linejoin=\"round\" stroke-width=\"3\"\/><path id=\"Path_494\" data-name=\"Path 494\" d=\"M-303.861-1973.939a1.5,1.5,0,0,1,0-2.121l3.439-3.439H-308.8a1.5,1.5,0,0,1-1.5-1.5,1.5,1.5,0,0,1,1.5-1.5h8.378l-3.439-3.439a1.5,1.5,0,0,1,0-2.121,1.5,1.5,0,0,1,2.121,0l6,6a1.5,1.5,0,0,1,.416,1.325v.006l-.006.03,0,.008-.006.027,0,.01-.006.026,0,.008-.008.028,0,.006-.01.032h0a1.487,1.487,0,0,1-.229.45l-.012.016-.007.009-.019.024,0,0a1.508,1.508,0,0,1-.121.131l-5.982,5.982a1.492,1.492,0,0,1-1.06.439A1.494,1.494,0,0,1-303.861-1973.939Z\" transform=\"translate(320.8 1999)\" fill=\"#fff\"\/><\/g><\/svg><\/div>\n                    <\/div>\n                                        <div class=\"text\">\n                                          <h4>Skeletne ku\u0107e<\/h4>                      <p><\/p>\n\n\n                    \n                    \n                  \n                    <\/a> \n                                        <\/div>\n                <\/div>\n           \n            <\/div>\n                        <div class=\"subcat-cont\">\n              <a href=\"https:\/\/www.ciprodukt.si\/hr\/drvene-kuce\/masivne-clt-kuce\/\" class=\"subcat-item\">\n                <div>\n                    <div class=\"image\">\n                      <img decoding=\"async\" src=\"https:\/\/www.ciprodukt.si\/wp-content\/uploads\/2024\/05\/s1-pomanjsana.jpg\">\n                      <div class=\"svg\"><svg xmlns=\"http:\/\/www.w3.org\/2000\/svg\" width=\"33\" height=\"33\" viewBox=\"0 0 33 33\"><g id=\"Group_39\" data-name=\"Group 39\" transform=\"translate(-1.5 -1.5)\"><path id=\"Path_493\" data-name=\"Path 493\" d=\"M33,18A15,15,0,1,1,18,3,15,15,0,0,1,33,18Z\" fill=\"none\" stroke=\"#fff\" stroke-linecap=\"round\" stroke-linejoin=\"round\" stroke-width=\"3\"\/><path id=\"Path_494\" data-name=\"Path 494\" d=\"M-303.861-1973.939a1.5,1.5,0,0,1,0-2.121l3.439-3.439H-308.8a1.5,1.5,0,0,1-1.5-1.5,1.5,1.5,0,0,1,1.5-1.5h8.378l-3.439-3.439a1.5,1.5,0,0,1,0-2.121,1.5,1.5,0,0,1,2.121,0l6,6a1.5,1.5,0,0,1,.416,1.325v.006l-.006.03,0,.008-.006.027,0,.01-.006.026,0,.008-.008.028,0,.006-.01.032h0a1.487,1.487,0,0,1-.229.45l-.012.016-.007.009-.019.024,0,0a1.508,1.508,0,0,1-.121.131l-5.982,5.982a1.492,1.492,0,0,1-1.06.439A1.494,1.494,0,0,1-303.861-1973.939Z\" transform=\"translate(320.8 1999)\" fill=\"#fff\"\/><\/g><\/svg><\/div>\n                    <\/div>\n                                        <div class=\"text\">\n                                          <h4>Masivne CLT ku\u0107e<\/h4>                      <p><\/p>\n\n\n                    \n                    \n                  \n                    <\/a> \n                                        <\/div>\n                <\/div>\n           \n            <\/div>\n                        <div class=\"subcat-cont\">\n              <a href=\"https:\/\/www.ciprodukt.si\/hr\/drvene-kuce\/tipske-kuce\/\" class=\"subcat-item\">\n                <div>\n                    <div class=\"image\">\n                      <img decoding=\"async\" src=\"https:\/\/www.ciprodukt.si\/wp-content\/uploads\/2024\/05\/enokapna_1-pomanjsana-1.png\">\n                      <div class=\"svg\"><svg xmlns=\"http:\/\/www.w3.org\/2000\/svg\" width=\"33\" height=\"33\" viewBox=\"0 0 33 33\"><g id=\"Group_39\" data-name=\"Group 39\" transform=\"translate(-1.5 -1.5)\"><path id=\"Path_493\" data-name=\"Path 493\" d=\"M33,18A15,15,0,1,1,18,3,15,15,0,0,1,33,18Z\" fill=\"none\" stroke=\"#fff\" stroke-linecap=\"round\" stroke-linejoin=\"round\" stroke-width=\"3\"\/><path id=\"Path_494\" data-name=\"Path 494\" d=\"M-303.861-1973.939a1.5,1.5,0,0,1,0-2.121l3.439-3.439H-308.8a1.5,1.5,0,0,1-1.5-1.5,1.5,1.5,0,0,1,1.5-1.5h8.378l-3.439-3.439a1.5,1.5,0,0,1,0-2.121,1.5,1.5,0,0,1,2.121,0l6,6a1.5,1.5,0,0,1,.416,1.325v.006l-.006.03,0,.008-.006.027,0,.01-.006.026,0,.008-.008.028,0,.006-.01.032h0a1.487,1.487,0,0,1-.229.45l-.012.016-.007.009-.019.024,0,0a1.508,1.508,0,0,1-.121.131l-5.982,5.982a1.492,1.492,0,0,1-1.06.439A1.494,1.494,0,0,1-303.861-1973.939Z\" transform=\"translate(320.8 1999)\" fill=\"#fff\"\/><\/g><\/svg><\/div>\n                    <\/div>\n                                        <div class=\"text\">\n                                          <h4>Tipske ku\u0107e<\/h4>                      <p><\/p>\n\n\n                    \n                    \n                  \n                    <\/a> \n                                        <\/div>\n                <\/div>\n           \n            <\/div>\n                    <\/div>\n        \n\n\n\n                \n        \n    \n        [vc_empty_space height=&#8221;60px&#8221;][\/vc_column][\/vc_row][vc_row full_width=&#8221;stretch_row&#8221; css=&#8221;.vc_custom_1716798780963{background-color: #f8f8f8 !important;}&#8221; el_class=&#8221;sp-about-us&#8221;][vc_column][vc_empty_space][vc_column_text]<\/p>\n<h2 style=\"text-align: center;\">Prednosti drvene konstrukcije<\/h2>\n<p>[\/vc_column_text][vc_empty_space][vc_row_inner][vc_column_inner width=&#8221;1\/3&#8243;][vc_column_text]<\/p>\n<h4 style=\"text-align: center;\">Trajnost<\/h4>\n<p>[\/vc_column_text][vc_column_text]<\/p>\n<p style=\"text-align: center;\">Drvo je prirodni i obnovljivi resurs, pa su ku\u0107e s drvenim okvirom ekolo\u0161ki prihvatljiv izbor. Osim toga, drvo je tako\u0111er iznimno izdr\u017eljivo i otporno na razne vremenske uvjete.<\/p>\n<p>[\/vc_column_text][\/vc_column_inner][vc_column_inner width=&#8221;1\/3&#8243;][vc_column_text]<\/p>\n<h4 style=\"text-align: center;\">Quick build<\/h4>\n<p>[\/vc_column_text][vc_column_text]<\/p>\n<p style=\"text-align: center;\">Zahvaljuju\u0107i modularnom dizajnu i jednostavnoj instalaciji, izgradnja drvenih ku\u0107a je brza i u\u010dinkovita. To zauzvrat omogu\u0107uje ni\u017ee tro\u0161kove gradnje u usporedbi s tradicionalnim metodama gradnje.<\/p>\n<p>[\/vc_column_text][\/vc_column_inner][vc_column_inner width=&#8221;1\/3&#8243;][vc_column_text]<\/p>\n<h4 style=\"text-align: center;\">Fleksibilnost<\/h4>\n<p>[\/vc_column_text][vc_column_text]<\/p>\n<p style=\"text-align: center;\">Drveni elementi omogu\u0107uju veliku fleksibilnost u dizajnu i ure\u0111enju prostorija u ku\u0107i. To zna\u010di da se ku\u0107a mo\u017ee prilagoditi individualnim \u017eeljama i potrebama svakog pojedinog vlasnika.<\/p>\n<p>[\/vc_column_text][\/vc_column_inner][\/vc_row_inner][vc_empty_space][vc_row_inner][vc_column_inner width=&#8221;1\/6&#8243;][\/vc_column_inner][vc_column_inner width=&#8221;2\/6&#8243;][vc_column_text]<\/p>\n<h4 style=\"text-align: center;\">Estetika<\/h4>\n<p>[\/vc_column_text][vc_column_text]<\/p>\n<p style=\"text-align: center;\">Drvene ku\u0107e nude toplinu i prirodan izgled drva, \u0161to stvara ugodno i ugodno \u017eivotno okru\u017eenje. Osim toga, drvene ku\u0107e mogu biti dizajnirane u \u0161irokom rasponu arhitektonskih stilova, \u0161to omogu\u0107uje potpuno slobodan i individualan izbor.<\/p>\n<p>[\/vc_column_text][\/vc_column_inner][vc_column_inner width=&#8221;2\/6&#8243;][vc_column_text]<\/p>\n<h4 style=\"text-align: center;\">Energetska u\u010dinkovitost<\/h4>\n<p>[\/vc_column_text][vc_column_text]<\/p>\n<p style=\"text-align: center;\">Drvo je izvrstan izolator, tako da su ku\u0107e od drvenih okvira \u010desto energetski u\u010dinkovitije i imaju ni\u017ee tro\u0161kove grijanja i hla\u0111enja u usporedbi s tradicionalnim gra\u0111evinskim materijalima.<\/p>\n<p>[\/vc_column_text][\/vc_column_inner][vc_column_inner width=&#8221;1\/6&#8243;][\/vc_column_inner][\/vc_row_inner][vc_empty_space][\/vc_column][\/vc_row][vc_row][vc_column][vc_column_text]<\/p>\n<h2 style=\"text-align: center;\">Referentni projekti &#8211; Drvene ku\u0107e<\/h2>\n<p style=\"text-align: center;\">Zadovoljstvo nam je predstaviti vam najnovije referentne projekte koje smo proveli za na\u0161e klijente.<\/p>\n<p>[\/vc_column_text]<div class=\"loop-container  \"><div class=\"row\" id=\"1716895816186-4A5DD39F-99B8\"><div class=\"loop-item col-lg-4 col-md-4 col-sm-6 col-xs-12\"><div class=\"wpb-content-wrapper\"><p>[vc_row][vc_column]            \t\t\t            \t<div class=\"loop-item-horizontal loop-item-horizontal-referenca\">\n\t\t\t\t\t\t\t\t\t\n                <div class=\"c1 vc_col-xs-12 vc_col-md-5\">\n                    <a target=\"\" href=\"https:\/\/www.ciprodukt.si\/hr\/referenca-blog\/drvena-skeletna-kuca-godic\/\">                        <div >\n                            <img decoding=\"async\" src=\"https:\/\/www.ciprodukt.si\/wp-content\/uploads\/2024\/06\/hisa_godic_6.jpg\" alt=\"ilustrativna slika\" class=\"img-responsive\">\n                        <\/div>\n                    <\/a>\t\t\n\t\t\t\t\t\n                <\/div>\n\t\t\t\t<div class=\"c2\">\n\t\t\t\t\t<a target=\"\" href=\"https:\/\/www.ciprodukt.si\/hr\/referenca-blog\/drvena-skeletna-kuca-godic\/\">\t\t\t\t\t<h4>\n                  \t Drvena skeletna ku\u0107a Godi\u010d                     <\/h4>\n\t\t\t\t\t<p>Skeletne ku\u0107e <\/p>\n\t\t\t\t\t<\/a>\t\t\t\t<\/div>\n                            <\/div>\n            [\/vc_column][\/vc_row]<\/p>\n<\/div><\/div><div class=\"loop-item col-lg-4 col-md-4 col-sm-6 col-xs-12\"><div class=\"wpb-content-wrapper\"><p>[vc_row][vc_column]            \t\t\t            \t<div class=\"loop-item-horizontal loop-item-horizontal-referenca\">\n\t\t\t\t\t\t\t\t\t\n                <div class=\"c1 vc_col-xs-12 vc_col-md-5\">\n                    <a target=\"\" href=\"https:\/\/www.ciprodukt.si\/hr\/referenca-blog\/drvena-skeletna-kuca-maribor\/\">                        <div >\n                            <img decoding=\"async\" src=\"https:\/\/www.ciprodukt.si\/wp-content\/uploads\/2018\/11\/hisa-maribor4.jpg\" alt=\"ilustrativna slika\" class=\"img-responsive\">\n                        <\/div>\n                    <\/a>\t\t\n\t\t\t\t\t\n                <\/div>\n\t\t\t\t<div class=\"c2\">\n\t\t\t\t\t<a target=\"\" href=\"https:\/\/www.ciprodukt.si\/hr\/referenca-blog\/drvena-skeletna-kuca-maribor\/\">\t\t\t\t\t<h4>\n                  \t Drvena skeletna ku\u0107a Maribor                     <\/h4>\n\t\t\t\t\t<p>Skeletne ku\u0107e <\/p>\n\t\t\t\t\t<\/a>\t\t\t\t<\/div>\n                            <\/div>\n            [\/vc_column][\/vc_row]<\/p>\n<\/div><\/div><div class=\"loop-item col-lg-4 col-md-4 col-sm-6 col-xs-12\"><div class=\"wpb-content-wrapper\"><p>[vc_row][vc_column]            \t\t\t            \t<div class=\"loop-item-horizontal loop-item-horizontal-referenca\">\n\t\t\t\t\t\t\t\t\t\n                <div class=\"c1 vc_col-xs-12 vc_col-md-5\">\n                    <a target=\"\" href=\"https:\/\/www.ciprodukt.si\/hr\/referenca-blog\/drvena-skeletna-kuca-milje\/\">                        <div >\n                            <img decoding=\"async\" src=\"https:\/\/www.ciprodukt.si\/wp-content\/uploads\/2018\/11\/hisa-milje3.jpg\" alt=\"ilustrativna slika\" class=\"img-responsive\">\n                        <\/div>\n                    <\/a>\t\t\n\t\t\t\t\t\n                <\/div>\n\t\t\t\t<div class=\"c2\">\n\t\t\t\t\t<a target=\"\" href=\"https:\/\/www.ciprodukt.si\/hr\/referenca-blog\/drvena-skeletna-kuca-milje\/\">\t\t\t\t\t<h4>\n                  \t Drvena skeletna ku\u0107a Milje                     <\/h4>\n\t\t\t\t\t<p>Skeletne ku\u0107e <\/p>\n\t\t\t\t\t<\/a>\t\t\t\t<\/div>\n                            <\/div>\n            [\/vc_column][\/vc_row]<\/p>\n<\/div><\/div><\/div><div class=\"ref-single-btn-wrap\"><a href=\"https:\/\/www.ciprodukt.si\/hr\/reference\/\" class=\"btn  btn-default btn-lg \">Ve\u010d referenc<\/a><\/div><\/div>[vc_empty_space height=&#8221;60px&#8221;][\/vc_column][\/vc_row]<\/p>\n<\/div>","protected":false},"excerpt":{"rendered":"<p>[vc_row full_width=&#8221;stretch_row_content_no_spaces&#8221; el_class=&#8221;sp-page-title&#8221;][vc_column][\/vc_column][\/vc_row][vc_row full_width=&#8221;stretch_row&#8221; gap=&#8221;30&#8243; el_class=&#8221;sp-row&#8221;][vc_column][vc_empty_space height=&#8221;60px&#8221;][\/vc_column][\/vc_row][vc_row full_width=&#8221;stretch_row&#8221; css=&#8221;.vc_custom_1716798780963{background-color: #f8f8f8 !important;}&#8221; el_class=&#8221;sp-about-us&#8221;][vc_column][vc_empty_space][vc_column_text] Prednosti drvene konstrukcije [\/vc_column_text][vc_empty_space][vc_row_inner][vc_column_inner width=&#8221;1\/3&#8243;][vc_column_text] Trajnost [\/vc_column_text][vc_column_text] Drvo je prirodni i obnovljivi resurs, pa su ku\u0107e s drvenim okvirom ekolo\u0161ki prihvatljiv izbor. Osim toga, drvo je tako\u0111er iznimno izdr\u017eljivo i otporno na razne vremenske uvjete. [\/vc_column_text][\/vc_column_inner][vc_column_inner width=&#8221;1\/3&#8243;][vc_column_text] Quick build [\/vc_column_text][vc_column_text] Zahvaljuju\u0107i modularnom dizajnu i jednostavnoj instalaciji, izgradnja drvenih ku\u0107a je brza i u\u010dinkovita. To zauzvrat omogu\u0107uje ni\u017ee tro\u0161kove gradnje u usporedbi s tradicionalnim metodama gradnje. [\/vc_column_text][\/vc_column_inner][vc_column_inner width=&#8221;1\/3&#8243;][vc_column_text] Fleksibilnost [\/vc_column_text][vc_column_text] Drveni elementi omogu\u0107uju veliku fleksibilnost u dizajnu i ure\u0111enju prostorija u ku\u0107i. To zna\u010di da se ku\u0107a mo\u017ee prilagoditi individualnim \u017eeljama i potrebama svakog pojedinog vlasnika. [\/vc_column_text][\/vc_column_inner][\/vc_row_inner][vc_empty_space][vc_row_inner][vc_column_inner width=&#8221;1\/6&#8243;][\/vc_column_inner][vc_column_inner width=&#8221;2\/6&#8243;][vc_column_text] Estetika [\/vc_column_text][vc_column_text] Drvene ku\u0107e nude toplinu i prirodan izgled drva, [&hellip;]<\/p>\n","protected":false},"author":1,"featured_media":2604,"parent":0,"menu_order":3,"comment_status":"closed","ping_status":"closed","template":"","meta":{"footnotes":""},"class_list":["post-3203","page","type-page","status-publish","has-post-thumbnail","hentry"],"yoast_head":"<!-- This site is optimized with the Yoast SEO plugin v21.3 - https:\/\/yoast.com\/wordpress\/plugins\/seo\/ -->\n<title>Drvene ku\u0107e - CI Produkt<\/title>\n<meta name=\"description\" content=\"Arhitektura: Peter Pav\u0161i\u010d, ARHIPETRUS Lokacija: Milje Vrsta objekta: Stambena ku\u0107a Neto povr\u0161ina: 132m2 Vrsta konstrukcije: Drveni kostur Energetska sigurnost: 25 kwh\/m2a House tehnologija: spremnik zrak-voda, sakuplja\u010d ki\u0161nice Stolarija: Drveni prozori\" \/>\n<meta name=\"robots\" content=\"index, follow, max-snippet:-1, max-image-preview:large, max-video-preview:-1\" \/>\n<link rel=\"canonical\" href=\"https:\/\/www.ciprodukt.si\/hr\/drvene-kuce\/\" \/>\n<meta property=\"og:locale\" content=\"hr_HR\" \/>\n<meta property=\"og:type\" content=\"article\" \/>\n<meta property=\"og:title\" content=\"Drvene ku\u0107e - CI Produkt\" \/>\n<meta property=\"og:description\" content=\"[vc_row full_width=&#8221;stretch_row_content_no_spaces&#8221; el_class=&#8221;sp-page-title&#8221;][vc_column][\/vc_column][\/vc_row][vc_row full_width=&#8221;stretch_row&#8221; gap=&#8221;30&#8243; el_class=&#8221;sp-row&#8221;][vc_column][vc_empty_space height=&#8221;60px&#8221;][\/vc_column][\/vc_row][vc_row full_width=&#8221;stretch_row&#8221; css=&#8221;.vc_custom_1716798780963{background-color: #f8f8f8 !important;}&#8221; el_class=&#8221;sp-about-us&#8221;][vc_column][vc_empty_space][vc_column_text] Prednosti drvene konstrukcije [\/vc_column_text][vc_empty_space][vc_row_inner][vc_column_inner width=&#8221;1\/3&#8243;][vc_column_text] Trajnost [\/vc_column_text][vc_column_text] Drvo je prirodni i obnovljivi resurs, pa su ku\u0107e s drvenim okvirom ekolo\u0161ki prihvatljiv izbor. Osim toga, drvo je tako\u0111er iznimno izdr\u017eljivo i otporno na razne vremenske uvjete. [\/vc_column_text][\/vc_column_inner][vc_column_inner width=&#8221;1\/3&#8243;][vc_column_text] Quick build [\/vc_column_text][vc_column_text] Zahvaljuju\u0107i modularnom dizajnu i jednostavnoj instalaciji, izgradnja drvenih ku\u0107a je brza i u\u010dinkovita. To zauzvrat omogu\u0107uje ni\u017ee tro\u0161kove gradnje u usporedbi s tradicionalnim metodama gradnje. [\/vc_column_text][\/vc_column_inner][vc_column_inner width=&#8221;1\/3&#8243;][vc_column_text] Fleksibilnost [\/vc_column_text][vc_column_text] Drveni elementi omogu\u0107uju veliku fleksibilnost u dizajnu i ure\u0111enju prostorija u ku\u0107i. To zna\u010di da se ku\u0107a mo\u017ee prilagoditi individualnim \u017eeljama i potrebama svakog pojedinog vlasnika. [\/vc_column_text][\/vc_column_inner][\/vc_row_inner][vc_empty_space][vc_row_inner][vc_column_inner width=&#8221;1\/6&#8243;][\/vc_column_inner][vc_column_inner width=&#8221;2\/6&#8243;][vc_column_text] Estetika [\/vc_column_text][vc_column_text] Drvene ku\u0107e nude toplinu i prirodan izgled drva, [&hellip;]\" \/>\n<meta property=\"og:url\" content=\"https:\/\/www.ciprodukt.si\/hr\/drvene-kuce\/\" \/>\n<meta property=\"og:site_name\" content=\"CI Produkt\" \/>\n<meta property=\"article:modified_time\" content=\"2025-06-17T06:20:36+00:00\" \/>\n<meta property=\"og:image\" content=\"https:\/\/www.ciprodukt.si\/wp-content\/uploads\/2024\/05\/a3-pomanjsana.jpg\" \/>\n\t<meta property=\"og:image:width\" content=\"1584\" \/>\n\t<meta property=\"og:image:height\" content=\"1058\" \/>\n\t<meta property=\"og:image:type\" content=\"image\/jpeg\" \/>\n<meta name=\"twitter:card\" content=\"summary_large_image\" \/>\n<meta name=\"twitter:label1\" content=\"Procijenjeno vrijeme \u010ditanja\" \/>\n\t<meta name=\"twitter:data1\" content=\"2 minute\" \/>\n<script type=\"application\/ld+json\" class=\"yoast-schema-graph\">{\"@context\":\"https:\/\/schema.org\",\"@graph\":[{\"@type\":\"WebPage\",\"@id\":\"https:\/\/www.ciprodukt.si\/hr\/drvene-kuce\/\",\"url\":\"https:\/\/www.ciprodukt.si\/hr\/drvene-kuce\/\",\"name\":\"Drvene ku\u0107e - CI Produkt\",\"isPartOf\":{\"@id\":\"https:\/\/www.ciprodukt.si\/#website\"},\"datePublished\":\"2025-06-16T07:47:51+00:00\",\"dateModified\":\"2025-06-17T06:20:36+00:00\",\"breadcrumb\":{\"@id\":\"https:\/\/www.ciprodukt.si\/hr\/drvene-kuce\/#breadcrumb\"},\"inLanguage\":\"hr\",\"potentialAction\":[{\"@type\":\"ReadAction\",\"target\":[\"https:\/\/www.ciprodukt.si\/hr\/drvene-kuce\/\"]}]},{\"@type\":\"BreadcrumbList\",\"@id\":\"https:\/\/www.ciprodukt.si\/hr\/drvene-kuce\/#breadcrumb\",\"itemListElement\":[{\"@type\":\"ListItem\",\"position\":1,\"name\":\"Home\",\"item\":\"https:\/\/www.ciprodukt.si\/hr\/\"},{\"@type\":\"ListItem\",\"position\":2,\"name\":\"Drvene ku\u0107e\"}]},{\"@type\":\"WebSite\",\"@id\":\"https:\/\/www.ciprodukt.si\/#website\",\"url\":\"https:\/\/www.ciprodukt.si\/\",\"name\":\"CI Produkt\",\"description\":\"\",\"potentialAction\":[{\"@type\":\"SearchAction\",\"target\":{\"@type\":\"EntryPoint\",\"urlTemplate\":\"https:\/\/www.ciprodukt.si\/?s={search_term_string}\"},\"query-input\":\"required name=search_term_string\"}],\"inLanguage\":\"hr\"}]}<\/script>\n<!-- \/ Yoast SEO plugin. -->","yoast_head_json":{"title":"Drvene ku\u0107e - CI Produkt","description":"Arhitektura: Peter Pav\u0161i\u010d, ARHIPETRUS Lokacija: Milje Vrsta objekta: Stambena ku\u0107a Neto povr\u0161ina: 132m2 Vrsta konstrukcije: Drveni kostur Energetska sigurnost: 25 kwh\/m2a House tehnologija: spremnik zrak-voda, sakuplja\u010d ki\u0161nice Stolarija: Drveni prozori","robots":{"index":"index","follow":"follow","max-snippet":"max-snippet:-1","max-image-preview":"max-image-preview:large","max-video-preview":"max-video-preview:-1"},"canonical":"https:\/\/www.ciprodukt.si\/hr\/drvene-kuce\/","og_locale":"hr_HR","og_type":"article","og_title":"Drvene ku\u0107e - CI Produkt","og_description":"[vc_row full_width=&#8221;stretch_row_content_no_spaces&#8221; el_class=&#8221;sp-page-title&#8221;][vc_column][\/vc_column][\/vc_row][vc_row full_width=&#8221;stretch_row&#8221; gap=&#8221;30&#8243; el_class=&#8221;sp-row&#8221;][vc_column][vc_empty_space height=&#8221;60px&#8221;][\/vc_column][\/vc_row][vc_row full_width=&#8221;stretch_row&#8221; css=&#8221;.vc_custom_1716798780963{background-color: #f8f8f8 !important;}&#8221; el_class=&#8221;sp-about-us&#8221;][vc_column][vc_empty_space][vc_column_text] Prednosti drvene konstrukcije [\/vc_column_text][vc_empty_space][vc_row_inner][vc_column_inner width=&#8221;1\/3&#8243;][vc_column_text] Trajnost [\/vc_column_text][vc_column_text] Drvo je prirodni i obnovljivi resurs, pa su ku\u0107e s drvenim okvirom ekolo\u0161ki prihvatljiv izbor. Osim toga, drvo je tako\u0111er iznimno izdr\u017eljivo i otporno na razne vremenske uvjete. [\/vc_column_text][\/vc_column_inner][vc_column_inner width=&#8221;1\/3&#8243;][vc_column_text] Quick build [\/vc_column_text][vc_column_text] Zahvaljuju\u0107i modularnom dizajnu i jednostavnoj instalaciji, izgradnja drvenih ku\u0107a je brza i u\u010dinkovita. To zauzvrat omogu\u0107uje ni\u017ee tro\u0161kove gradnje u usporedbi s tradicionalnim metodama gradnje. [\/vc_column_text][\/vc_column_inner][vc_column_inner width=&#8221;1\/3&#8243;][vc_column_text] Fleksibilnost [\/vc_column_text][vc_column_text] Drveni elementi omogu\u0107uju veliku fleksibilnost u dizajnu i ure\u0111enju prostorija u ku\u0107i. To zna\u010di da se ku\u0107a mo\u017ee prilagoditi individualnim \u017eeljama i potrebama svakog pojedinog vlasnika. [\/vc_column_text][\/vc_column_inner][\/vc_row_inner][vc_empty_space][vc_row_inner][vc_column_inner width=&#8221;1\/6&#8243;][\/vc_column_inner][vc_column_inner width=&#8221;2\/6&#8243;][vc_column_text] Estetika [\/vc_column_text][vc_column_text] Drvene ku\u0107e nude toplinu i prirodan izgled drva, [&hellip;]","og_url":"https:\/\/www.ciprodukt.si\/hr\/drvene-kuce\/","og_site_name":"CI Produkt","article_modified_time":"2025-06-17T06:20:36+00:00","og_image":[{"width":1584,"height":1058,"url":"https:\/\/www.ciprodukt.si\/wp-content\/uploads\/2024\/05\/a3-pomanjsana.jpg","type":"image\/jpeg"}],"twitter_card":"summary_large_image","twitter_misc":{"Procijenjeno vrijeme \u010ditanja":"2 minute"},"schema":{"@context":"https:\/\/schema.org","@graph":[{"@type":"WebPage","@id":"https:\/\/www.ciprodukt.si\/hr\/drvene-kuce\/","url":"https:\/\/www.ciprodukt.si\/hr\/drvene-kuce\/","name":"Drvene ku\u0107e - CI Produkt","isPartOf":{"@id":"https:\/\/www.ciprodukt.si\/#website"},"datePublished":"2025-06-16T07:47:51+00:00","dateModified":"2025-06-17T06:20:36+00:00","breadcrumb":{"@id":"https:\/\/www.ciprodukt.si\/hr\/drvene-kuce\/#breadcrumb"},"inLanguage":"hr","potentialAction":[{"@type":"ReadAction","target":["https:\/\/www.ciprodukt.si\/hr\/drvene-kuce\/"]}]},{"@type":"BreadcrumbList","@id":"https:\/\/www.ciprodukt.si\/hr\/drvene-kuce\/#breadcrumb","itemListElement":[{"@type":"ListItem","position":1,"name":"Home","item":"https:\/\/www.ciprodukt.si\/hr\/"},{"@type":"ListItem","position":2,"name":"Drvene ku\u0107e"}]},{"@type":"WebSite","@id":"https:\/\/www.ciprodukt.si\/#website","url":"https:\/\/www.ciprodukt.si\/","name":"CI Produkt","description":"","potentialAction":[{"@type":"SearchAction","target":{"@type":"EntryPoint","urlTemplate":"https:\/\/www.ciprodukt.si\/?s={search_term_string}"},"query-input":"required name=search_term_string"}],"inLanguage":"hr"}]}},"_links":{"self":[{"href":"https:\/\/www.ciprodukt.si\/hr\/wp-json\/wp\/v2\/pages\/3203","targetHints":{"allow":["GET"]}}],"collection":[{"href":"https:\/\/www.ciprodukt.si\/hr\/wp-json\/wp\/v2\/pages"}],"about":[{"href":"https:\/\/www.ciprodukt.si\/hr\/wp-json\/wp\/v2\/types\/page"}],"author":[{"embeddable":true,"href":"https:\/\/www.ciprodukt.si\/hr\/wp-json\/wp\/v2\/users\/1"}],"replies":[{"embeddable":true,"href":"https:\/\/www.ciprodukt.si\/hr\/wp-json\/wp\/v2\/comments?post=3203"}],"version-history":[{"count":2,"href":"https:\/\/www.ciprodukt.si\/hr\/wp-json\/wp\/v2\/pages\/3203\/revisions"}],"predecessor-version":[{"id":3410,"href":"https:\/\/www.ciprodukt.si\/hr\/wp-json\/wp\/v2\/pages\/3203\/revisions\/3410"}],"wp:featuredmedia":[{"embeddable":true,"href":"https:\/\/www.ciprodukt.si\/hr\/wp-json\/wp\/v2\/media\/2604"}],"wp:attachment":[{"href":"https:\/\/www.ciprodukt.si\/hr\/wp-json\/wp\/v2\/media?parent=3203"}],"curies":[{"name":"wp","href":"https:\/\/api.w.org\/{rel}","templated":true}]}}