{"id":3207,"date":"2025-06-16T08:48:47","date_gmt":"2025-06-16T07:48:47","guid":{"rendered":"https:\/\/www.ciprodukt.si\/masivne-clt-hise\/"},"modified":"2025-06-17T07:21:31","modified_gmt":"2025-06-17T06:21:31","slug":"masivne-clt-kuce","status":"publish","type":"page","link":"https:\/\/www.ciprodukt.si\/hr\/drvene-kuce\/masivne-clt-kuce\/","title":{"rendered":"Masivne CLT ku\u0107e"},"content":{"rendered":"<div class=\"wpb-content-wrapper\"><p>[vc_row full_width=&#8221;stretch_row_content_no_spaces&#8221; el_class=&#8221;sp-page-title&#8221;][vc_column]\t\t\n\t\t<div class=\"title-banner-bg\" style=\"background-image: linear-gradient(rgba(0, 0, 0, 0.0),rgba(0, 0, 0, 0.0)),url(https:\/\/www.ciprodukt.si\/wp-content\/uploads\/2024\/05\/s1-pomanjsana.jpg);\">\n\t\t<div class=\"title-banner-bg-mobile-shadow\"><\/div>\n\t\t<\/div>\n\t\t\t\t\n\t\t<div class=\"title-banner\">\n\t\t\t<div class=\"container\">\n\t\t\t\t<div class=\"breadcrumbs-container\">\n\t\t\t\t\t\t<div class=\"breadcrumbs\">\n\t\t\t\t\t\t\t\n\t<ul class=\"ns-breadcrumbs\">\n\t\t\t<li><a href=\"https:\/\/www.ciprodukt.si\/hr\/\">Dom<\/a><\/li>\n\t\t\t\t\t<li><a href=\"https:\/\/www.ciprodukt.si\/hr\/drvene-kuce\/\">Drvene ku\u0107e<\/a><\/li>\n\t\t\t\t<li>Masivne CLT ku\u0107e<\/li>\n\t<\/ul>\n\t\n\t\t\t\t\t\t\t\t<div class=\"clearfix\"><\/div>\n\t\t\t\t\t\t<\/div>\n\t\t\t\t<\/div>\n\t\t\t\t\t\t\t\t\t<h1 class=\"entry-title\">Masivne CLT ku\u0107e<\/h1>\n\t\t\t\t\t\t\t\t\t\t\t\t\t<p>Ku\u0107e od \u010dvrstog CLT-a (kri\u017eno laminirane plo\u010de) moderan su oblik gradnje koji koristi prednosti CLT-a za stvaranje \u010dvrstih, odr\u017eivih i energetski u\u010dinkovitih domova. CLT plo\u010de sastoje se od nekoliko slojeva drvenih plo\u010da koje su zalijepljene u okomitim smjerovima, \u0161to osigurava iznimnu stabilnost i nosivost.<\/p>\n\t\t\t<\/div>\n\t\t<\/div>\n\n\t\t[\/vc_column][\/vc_row][vc_row full_width=&#8221;stretch_row&#8221; gap=&#8221;30&#8243; el_class=&#8221;sp-row&#8221;][vc_column][vc_column_text]<\/p>\n<h2 style=\"text-align: center;\">System CI MASIV<\/h2>\n<p>[\/vc_column_text][vc_row_inner][vc_column_inner width=&#8221;1\/6&#8243;][\/vc_column_inner][vc_column_inner width=&#8221;2\/3&#8243;][vc_single_image image=&#8221;1969&#8243;][\/vc_column_inner][vc_column_inner width=&#8221;1\/6&#8243;][\/vc_column_inner][\/vc_row_inner][vc_row_inner][vc_column_inner width=&#8221;1\/3&#8243;][vc_column_text]<\/p>\n<h3>Vanjski zid:<\/h3>\n<ul>fasadna<\/p>\n<li>\u017ebuka \u2013 8mm<\/li>\n<li>Toplinska izolacija od tvrde mineralne vune \u2013 180 mm<\/li>\n<li>Masivna drvena kri\u017eno laminirana plo\u010da \u2013 100 mm<\/li>\n<li>ugradbena ravnina s mineralnom toplinskom izolacijom \u2013 50 mm<\/li>\n<li>vatrootporna MK plo\u010da 2x \u2013 12.5mm + 12.5mm<\/li>\n<li>Obrada slikanja<\/li>\n<\/ul>\n<p>[\/vc_column_text][\/vc_column_inner][vc_column_inner width=&#8221;1\/3&#8243;][vc_column_text]<\/p>\n<h3>Unutarnji zid:<\/h3>\n<ul>\n<li>Obrada slikanja<\/li>\n<li>vatrootporna MK plo\u010da 2x \u2013 12.5mm + 12.5mm<\/li>\n<li>Instalacijska ravnina s mineralnom zvu\u010dnom izolacijom \u2013 50 mm<\/li>\n<li>Masivna drvena kri\u017eno laminirana plo\u010da \u2013 100 mm<\/li>\n<li>vatrootporna MK plo\u010da \u2013 12,5 mm<\/li>\n<li>Obrada slikanja<\/li>\n<\/ul>\n<p>[\/vc_column_text][\/vc_column_inner][vc_column_inner width=&#8221;1\/3&#8243;][vc_column_text]<\/p>\n<h3>Kosi krov:<\/h3>\n<ul>\n<li>Krovi\u0161te (opeka, lim, vlaknasti cement)<\/li>\n<li>Drvene letvice za krovi\u0161te \u2013 40 mm<\/li>\n<li>Drvene letvice za zra\u010dni kanal \u2013 50 mm<\/li>\n<li>tvrda drvena vlakna, paropropusna i vodootporna plo\u010da \u2013 15 mm<\/li>\n<li>drveni rogovi s me\u0111utoplinskom izolacijom od puhane celuloze \u2013 200<\/li>\n<li>spu\u0161tena potkonstrukcija s me\u0111upuhanom celuloznom izolacijom \u2013 200 mm<\/li>\n<li>OSB\/4 gra\u0111evinska plo\u010da \u2013 18 mm<\/li>\n<li>vatrootporna MK plo\u010da \u2013 12,5 mm<\/li>\n<li>Obrada slikanja<\/li>\n<\/ul>\n<p>[\/vc_column_text][\/vc_column_inner][\/vc_row_inner][vc_row_inner][vc_column_inner width=&#8221;1\/3&#8243;][vc_column_text]<\/p>\n<h3>Me\u0111ukatna plo\u010da:<\/h3>\n<ul>\n<li style=\"list-style-type: none;\">\n<ul>zavr\u0161ni<\/p>\n<li>tlak \u2013 15 mm<\/li>\n<\/ul>\n<\/li>\n<\/ul>\n<p>mikro<\/p>\n<ul>\n<li style=\"list-style-type: none;\">\n<ul>\n<li>oja\u010dani estrih s podnim grijanjem \u2013 60 mm<\/li>\n<li>Podna izolacija 100 mm<\/li>\n<\/ul>\n<\/li>\n<\/ul>\n<p>masivna<\/p>\n<ul>\n<li>drvena kri\u017eno lamelirana plo\u010da \u2013 160 mm<\/li>\n<li>spu\u0161teni strop s vatrootpornom MK plo\u010dom \u2013 150 mm<\/li>\n<li>Obrada slikanja<\/li>\n<\/ul>\n<p>[\/vc_column_text][\/vc_column_inner][vc_column_inner width=&#8221;1\/3&#8243;][vc_single_image image=&#8221;690&#8243;][\/vc_column_inner][vc_column_inner width=&#8221;1\/3&#8243;][vc_single_image image=&#8221;689&#8243;][\/vc_column_inner][\/vc_row_inner][\/vc_column][\/vc_row][vc_row full_width=&#8221;stretch_row&#8221; gap=&#8221;30&#8243; el_class=&#8221;sp-row sp-row-gray&#8221;][vc_column][vc_column_text]<\/p>\n<h2 style=\"text-align: center;\">System CI MASIV NATUR<\/h2>\n<p>[\/vc_column_text][vc_row_inner][vc_column_inner width=&#8221;1\/6&#8243;][\/vc_column_inner][vc_column_inner width=&#8221;2\/3&#8243;][vc_single_image image=&#8221;1968&#8243;][\/vc_column_inner][vc_column_inner width=&#8221;1\/6&#8243;][\/vc_column_inner][\/vc_row_inner][vc_row_inner][vc_column_inner width=&#8221;1\/3&#8243;][vc_column_text]<\/p>\n<h3>Vanjski zid:<\/h3>\n<ul>fasadna<\/p>\n<li>\u017ebuka \u2013 8mm<\/li>\n<li>izolacijska plo\u010da od drvenih vlakana \u2013 60 mm<\/li>\n<li>drvena potkonstrukcija sa srednjopuhanom celuloznom izolacijom \u2013 160 mm<\/li>\n<li>Masivna drvena kri\u017eno laminirana plo\u010da \u2013 100 mm<\/li>\n<li>Instalacijska ravnina s izolacijom od drvenih vlakana \u2013 50 mm<\/li>\n<li>vatrootporna MK plo\u010da 2x \u2013 12.5mm + 12.5mm<\/li>\n<li>Obrada slikanja<\/li>\n<\/ul>\n<p>[\/vc_column_text][\/vc_column_inner][vc_column_inner width=&#8221;1\/3&#8243;][vc_column_text]<\/p>\n<h3>Unutarnji zid:<\/h3>\n<ul>\n<li>Obrada slikanja<\/li>\n<li>vatrootporna MK plo\u010da 2x \u2013 12.5mm + 12.5mm<\/li>\n<li>Instalacijska ravnina s mineralnom zvu\u010dnom izolacijom \u2013 50 mm<\/li>\n<li>Masivna drvena kri\u017eno laminirana plo\u010da \u2013 100 mm<\/li>\n<li>vatrootporna MK plo\u010da \u2013 12,5 mm<\/li>\n<li>Obrada slikanja<\/li>\n<\/ul>\n<p>[\/vc_column_text][\/vc_column_inner][vc_column_inner width=&#8221;1\/3&#8243;][vc_column_text]<\/p>\n<h3>Kosi krov:<\/h3>\n<ul>\n<li>Krovi\u0161te (opeka, lim, vlaknasti cement)<\/li>\n<li>Drvene letvice za krovi\u0161te \u2013 40 mm<\/li>\n<li>Drvene letvice za zra\u010dni kanal \u2013 50 mm<\/li>\n<li>tvrda drvena vlakna, paropropusna i vodootporna plo\u010da \u2013 15 mm<\/li>\n<li>drveni rogovi s me\u0111utoplinskom izolacijom od puhane celuloze \u2013 200<\/li>\n<li>spu\u0161tena potkonstrukcija s me\u0111upuhanom celuloznom izolacijom \u2013 200 mm<\/li>\n<li>OSB\/4 gra\u0111evinska plo\u010da \u2013 18 mm<\/li>\n<li>vatrootporna MK plo\u010da \u2013 12,5 mm<\/li>\n<li>Obrada slikanja<\/li>\n<\/ul>\n<p>[\/vc_column_text][\/vc_column_inner][\/vc_row_inner][vc_row_inner][vc_column_inner width=&#8221;1\/3&#8243;][vc_column_text]<\/p>\n<h3>Me\u0111ukatna plo\u010da:<\/h3>\n<ul>\n<li style=\"list-style-type: none;\">\n<ul>zavr\u0161ni<\/p>\n<li>tlak \u2013 15 mm<\/li>\n<\/ul>\n<\/li>\n<\/ul>\n<p>mikro<\/p>\n<ul>\n<li style=\"list-style-type: none;\">\n<ul>\n<li>oja\u010dani estrih s podnim grijanjem \u2013 60 mm<\/li>\n<li>Podna izolacija 100 mm<\/li>\n<\/ul>\n<\/li>\n<\/ul>\n<p>masivna<\/p>\n<ul>\n<li>drvena kri\u017eno lamelirana plo\u010da \u2013 160 mm<\/li>\n<li>spu\u0161teni strop s vatrootpornom MK plo\u010dom \u2013 150 mm<\/li>\n<li>Obrada slikanja<\/li>\n<\/ul>\n<p>[\/vc_column_text][\/vc_column_inner][vc_column_inner width=&#8221;1\/3&#8243;][vc_single_image image=&#8221;685&#8243;][\/vc_column_inner][vc_column_inner width=&#8221;1\/3&#8243;][vc_single_image image=&#8221;686&#8243;][\/vc_column_inner][\/vc_row_inner][\/vc_column][\/vc_row][vc_row][vc_column][vc_column_text]<\/p>\n<h2 style=\"text-align: center;\">Referentni projekti &#8211; Drvene ku\u0107e<\/h2>\n<p style=\"text-align: center;\">Zadovoljstvo nam je predstaviti vam najnovije referentne projekte koje smo proveli za na\u0161e klijente.<\/p>\n<p>[\/vc_column_text]<div class=\"loop-container  \"><div class=\"row\" id=\"1716895816186-4A5DD39F-99B8\"><div class=\"loop-item col-lg-4 col-md-4 col-sm-6 col-xs-12\"><div class=\"wpb-content-wrapper\"><p>[vc_row][vc_column]            \t\t\t            \t<div class=\"loop-item-horizontal loop-item-horizontal-referenca\">\n\t\t\t\t\t\t\t\t\t\n                <div class=\"c1 vc_col-xs-12 vc_col-md-5\">\n                    <a target=\"\" href=\"https:\/\/www.ciprodukt.si\/hr\/referenca-blog\/drvena-skeletna-kuca-godic\/\">                        <div >\n                            <img decoding=\"async\" src=\"https:\/\/www.ciprodukt.si\/wp-content\/uploads\/2024\/06\/hisa_godic_6.jpg\" alt=\"ilustrativna slika\" class=\"img-responsive\">\n                        <\/div>\n                    <\/a>\t\t\n\t\t\t\t\t\n                <\/div>\n\t\t\t\t<div class=\"c2\">\n\t\t\t\t\t<a target=\"\" href=\"https:\/\/www.ciprodukt.si\/hr\/referenca-blog\/drvena-skeletna-kuca-godic\/\">\t\t\t\t\t<h4>\n                  \t Drvena skeletna ku\u0107a Godi\u010d                     <\/h4>\n\t\t\t\t\t<p>Skeletne ku\u0107e <\/p>\n\t\t\t\t\t<\/a>\t\t\t\t<\/div>\n                            <\/div>\n            [\/vc_column][\/vc_row]<\/p>\n<\/div><\/div><div class=\"loop-item col-lg-4 col-md-4 col-sm-6 col-xs-12\"><div class=\"wpb-content-wrapper\"><p>[vc_row][vc_column]            \t\t\t            \t<div class=\"loop-item-horizontal loop-item-horizontal-referenca\">\n\t\t\t\t\t\t\t\t\t\n                <div class=\"c1 vc_col-xs-12 vc_col-md-5\">\n                    <a target=\"\" href=\"https:\/\/www.ciprodukt.si\/hr\/referenca-blog\/drvena-skeletna-kuca-maribor\/\">                        <div >\n                            <img decoding=\"async\" src=\"https:\/\/www.ciprodukt.si\/wp-content\/uploads\/2018\/11\/hisa-maribor4.jpg\" alt=\"ilustrativna slika\" class=\"img-responsive\">\n                        <\/div>\n                    <\/a>\t\t\n\t\t\t\t\t\n                <\/div>\n\t\t\t\t<div class=\"c2\">\n\t\t\t\t\t<a target=\"\" href=\"https:\/\/www.ciprodukt.si\/hr\/referenca-blog\/drvena-skeletna-kuca-maribor\/\">\t\t\t\t\t<h4>\n                  \t Drvena skeletna ku\u0107a Maribor                     <\/h4>\n\t\t\t\t\t<p>Skeletne ku\u0107e <\/p>\n\t\t\t\t\t<\/a>\t\t\t\t<\/div>\n                            <\/div>\n            [\/vc_column][\/vc_row]<\/p>\n<\/div><\/div><div class=\"loop-item col-lg-4 col-md-4 col-sm-6 col-xs-12\"><div class=\"wpb-content-wrapper\"><p>[vc_row][vc_column]            \t\t\t            \t<div class=\"loop-item-horizontal loop-item-horizontal-referenca\">\n\t\t\t\t\t\t\t\t\t\n                <div class=\"c1 vc_col-xs-12 vc_col-md-5\">\n                    <a target=\"\" href=\"https:\/\/www.ciprodukt.si\/hr\/referenca-blog\/drvena-skeletna-kuca-milje\/\">                        <div >\n                            <img decoding=\"async\" src=\"https:\/\/www.ciprodukt.si\/wp-content\/uploads\/2018\/11\/hisa-milje3.jpg\" alt=\"ilustrativna slika\" class=\"img-responsive\">\n                        <\/div>\n                    <\/a>\t\t\n\t\t\t\t\t\n                <\/div>\n\t\t\t\t<div class=\"c2\">\n\t\t\t\t\t<a target=\"\" href=\"https:\/\/www.ciprodukt.si\/hr\/referenca-blog\/drvena-skeletna-kuca-milje\/\">\t\t\t\t\t<h4>\n                  \t Drvena skeletna ku\u0107a Milje                     <\/h4>\n\t\t\t\t\t<p>Skeletne ku\u0107e <\/p>\n\t\t\t\t\t<\/a>\t\t\t\t<\/div>\n                            <\/div>\n            [\/vc_column][\/vc_row]<\/p>\n<\/div><\/div><\/div><div class=\"ref-single-btn-wrap\"><a href=\"https:\/\/www.ciprodukt.si\/hr\/reference\/\" class=\"btn  btn-default btn-lg \">Ve\u010d referenc<\/a><\/div><\/div>[vc_empty_space height=&#8221;60px&#8221;][\/vc_column][\/vc_row]<\/p>\n<\/div>","protected":false},"excerpt":{"rendered":"<p>[vc_row full_width=&#8221;stretch_row_content_no_spaces&#8221; el_class=&#8221;sp-page-title&#8221;][vc_column][\/vc_column][\/vc_row][vc_row full_width=&#8221;stretch_row&#8221; gap=&#8221;30&#8243; el_class=&#8221;sp-row&#8221;][vc_column][vc_column_text] System CI MASIV [\/vc_column_text][vc_row_inner][vc_column_inner width=&#8221;1\/6&#8243;][\/vc_column_inner][vc_column_inner width=&#8221;2\/3&#8243;][vc_single_image image=&#8221;1969&#8243;][\/vc_column_inner][vc_column_inner width=&#8221;1\/6&#8243;][\/vc_column_inner][\/vc_row_inner][vc_row_inner][vc_column_inner width=&#8221;1\/3&#8243;][vc_column_text] Vanjski zid: fasadna \u017ebuka \u2013 8mm Toplinska izolacija od tvrde mineralne vune \u2013 180 mm Masivna drvena kri\u017eno laminirana plo\u010da \u2013 100 mm ugradbena ravnina s mineralnom toplinskom izolacijom \u2013 50 mm vatrootporna MK plo\u010da 2x \u2013 12.5mm + 12.5mm Obrada slikanja [\/vc_column_text][\/vc_column_inner][vc_column_inner width=&#8221;1\/3&#8243;][vc_column_text] Unutarnji zid: Obrada slikanja vatrootporna MK plo\u010da 2x \u2013 12.5mm + 12.5mm Instalacijska ravnina s mineralnom zvu\u010dnom izolacijom \u2013 50 mm Masivna drvena kri\u017eno laminirana plo\u010da \u2013 100 mm vatrootporna MK plo\u010da \u2013 12,5 mm Obrada slikanja [\/vc_column_text][\/vc_column_inner][vc_column_inner width=&#8221;1\/3&#8243;][vc_column_text] Kosi krov: Krovi\u0161te (opeka, lim, vlaknasti cement) Drvene letvice za krovi\u0161te \u2013 40 mm Drvene letvice za zra\u010dni kanal \u2013 50 mm [&hellip;]<\/p>\n","protected":false},"author":1,"featured_media":2524,"parent":3203,"menu_order":1,"comment_status":"closed","ping_status":"closed","template":"","meta":{"footnotes":""},"class_list":["post-3207","page","type-page","status-publish","has-post-thumbnail","hentry"],"yoast_head":"<!-- This site is optimized with the Yoast SEO plugin v21.3 - https:\/\/yoast.com\/wordpress\/plugins\/seo\/ -->\n<title>Masivne CLT ku\u0107e - CI Produkt<\/title>\n<meta name=\"description\" content=\"Arhitektura: Peter Pav\u0161i\u010d, ARHIPETRUS Lokacija: Milje Vrsta objekta: Stambena ku\u0107a Neto povr\u0161ina: 132m2 Vrsta konstrukcije: Drveni kostur Energetska sigurnost: 25 kwh\/m2a House tehnologija: spremnik zrak-voda, sakuplja\u010d ki\u0161nice Stolarija: Drveni prozori\" \/>\n<meta name=\"robots\" content=\"index, follow, max-snippet:-1, max-image-preview:large, max-video-preview:-1\" \/>\n<link rel=\"canonical\" href=\"https:\/\/www.ciprodukt.si\/hr\/drvene-kuce\/masivne-clt-kuce\/\" \/>\n<meta property=\"og:locale\" content=\"hr_HR\" \/>\n<meta property=\"og:type\" content=\"article\" \/>\n<meta property=\"og:title\" content=\"Masivne CLT ku\u0107e - CI Produkt\" \/>\n<meta property=\"og:description\" content=\"[vc_row full_width=&#8221;stretch_row_content_no_spaces&#8221; el_class=&#8221;sp-page-title&#8221;][vc_column][\/vc_column][\/vc_row][vc_row full_width=&#8221;stretch_row&#8221; gap=&#8221;30&#8243; el_class=&#8221;sp-row&#8221;][vc_column][vc_column_text] System CI MASIV [\/vc_column_text][vc_row_inner][vc_column_inner width=&#8221;1\/6&#8243;][\/vc_column_inner][vc_column_inner width=&#8221;2\/3&#8243;][vc_single_image image=&#8221;1969&#8243;][\/vc_column_inner][vc_column_inner width=&#8221;1\/6&#8243;][\/vc_column_inner][\/vc_row_inner][vc_row_inner][vc_column_inner width=&#8221;1\/3&#8243;][vc_column_text] Vanjski zid: fasadna \u017ebuka \u2013 8mm Toplinska izolacija od tvrde mineralne vune \u2013 180 mm Masivna drvena kri\u017eno laminirana plo\u010da \u2013 100 mm ugradbena ravnina s mineralnom toplinskom izolacijom \u2013 50 mm vatrootporna MK plo\u010da 2x \u2013 12.5mm + 12.5mm Obrada slikanja [\/vc_column_text][\/vc_column_inner][vc_column_inner width=&#8221;1\/3&#8243;][vc_column_text] Unutarnji zid: Obrada slikanja vatrootporna MK plo\u010da 2x \u2013 12.5mm + 12.5mm Instalacijska ravnina s mineralnom zvu\u010dnom izolacijom \u2013 50 mm Masivna drvena kri\u017eno laminirana plo\u010da \u2013 100 mm vatrootporna MK plo\u010da \u2013 12,5 mm Obrada slikanja [\/vc_column_text][\/vc_column_inner][vc_column_inner width=&#8221;1\/3&#8243;][vc_column_text] Kosi krov: Krovi\u0161te (opeka, lim, vlaknasti cement) Drvene letvice za krovi\u0161te \u2013 40 mm Drvene letvice za zra\u010dni kanal \u2013 50 mm [&hellip;]\" \/>\n<meta property=\"og:url\" content=\"https:\/\/www.ciprodukt.si\/hr\/drvene-kuce\/masivne-clt-kuce\/\" \/>\n<meta property=\"og:site_name\" content=\"CI Produkt\" \/>\n<meta property=\"article:modified_time\" content=\"2025-06-17T06:21:31+00:00\" \/>\n<meta property=\"og:image\" content=\"https:\/\/www.ciprodukt.si\/wp-content\/uploads\/2024\/05\/s1-pomanjsana.jpg\" \/>\n\t<meta property=\"og:image:width\" content=\"1584\" \/>\n\t<meta property=\"og:image:height\" content=\"1058\" \/>\n\t<meta property=\"og:image:type\" content=\"image\/jpeg\" \/>\n<meta name=\"twitter:card\" content=\"summary_large_image\" \/>\n<meta name=\"twitter:label1\" content=\"Procijenjeno vrijeme \u010ditanja\" \/>\n\t<meta name=\"twitter:data1\" content=\"3 minute\" \/>\n<script type=\"application\/ld+json\" class=\"yoast-schema-graph\">{\"@context\":\"https:\/\/schema.org\",\"@graph\":[{\"@type\":\"WebPage\",\"@id\":\"https:\/\/www.ciprodukt.si\/hr\/drvene-kuce\/masivne-clt-kuce\/\",\"url\":\"https:\/\/www.ciprodukt.si\/hr\/drvene-kuce\/masivne-clt-kuce\/\",\"name\":\"Masivne CLT ku\u0107e - CI Produkt\",\"isPartOf\":{\"@id\":\"https:\/\/www.ciprodukt.si\/#website\"},\"datePublished\":\"2025-06-16T07:48:47+00:00\",\"dateModified\":\"2025-06-17T06:21:31+00:00\",\"breadcrumb\":{\"@id\":\"https:\/\/www.ciprodukt.si\/hr\/drvene-kuce\/masivne-clt-kuce\/#breadcrumb\"},\"inLanguage\":\"hr\",\"potentialAction\":[{\"@type\":\"ReadAction\",\"target\":[\"https:\/\/www.ciprodukt.si\/hr\/drvene-kuce\/masivne-clt-kuce\/\"]}]},{\"@type\":\"BreadcrumbList\",\"@id\":\"https:\/\/www.ciprodukt.si\/hr\/drvene-kuce\/masivne-clt-kuce\/#breadcrumb\",\"itemListElement\":[{\"@type\":\"ListItem\",\"position\":1,\"name\":\"Home\",\"item\":\"https:\/\/www.ciprodukt.si\/hr\/\"},{\"@type\":\"ListItem\",\"position\":2,\"name\":\"Drvene ku\u0107e\",\"item\":\"https:\/\/www.ciprodukt.si\/hr\/drvene-kuce\/\"},{\"@type\":\"ListItem\",\"position\":3,\"name\":\"Masivne CLT ku\u0107e\"}]},{\"@type\":\"WebSite\",\"@id\":\"https:\/\/www.ciprodukt.si\/#website\",\"url\":\"https:\/\/www.ciprodukt.si\/\",\"name\":\"CI Produkt\",\"description\":\"\",\"potentialAction\":[{\"@type\":\"SearchAction\",\"target\":{\"@type\":\"EntryPoint\",\"urlTemplate\":\"https:\/\/www.ciprodukt.si\/?s={search_term_string}\"},\"query-input\":\"required name=search_term_string\"}],\"inLanguage\":\"hr\"}]}<\/script>\n<!-- \/ Yoast SEO plugin. -->","yoast_head_json":{"title":"Masivne CLT ku\u0107e - CI Produkt","description":"Arhitektura: Peter Pav\u0161i\u010d, ARHIPETRUS Lokacija: Milje Vrsta objekta: Stambena ku\u0107a Neto povr\u0161ina: 132m2 Vrsta konstrukcije: Drveni kostur Energetska sigurnost: 25 kwh\/m2a House tehnologija: spremnik zrak-voda, sakuplja\u010d ki\u0161nice Stolarija: Drveni prozori","robots":{"index":"index","follow":"follow","max-snippet":"max-snippet:-1","max-image-preview":"max-image-preview:large","max-video-preview":"max-video-preview:-1"},"canonical":"https:\/\/www.ciprodukt.si\/hr\/drvene-kuce\/masivne-clt-kuce\/","og_locale":"hr_HR","og_type":"article","og_title":"Masivne CLT ku\u0107e - CI Produkt","og_description":"[vc_row full_width=&#8221;stretch_row_content_no_spaces&#8221; el_class=&#8221;sp-page-title&#8221;][vc_column][\/vc_column][\/vc_row][vc_row full_width=&#8221;stretch_row&#8221; gap=&#8221;30&#8243; el_class=&#8221;sp-row&#8221;][vc_column][vc_column_text] System CI MASIV [\/vc_column_text][vc_row_inner][vc_column_inner width=&#8221;1\/6&#8243;][\/vc_column_inner][vc_column_inner width=&#8221;2\/3&#8243;][vc_single_image image=&#8221;1969&#8243;][\/vc_column_inner][vc_column_inner width=&#8221;1\/6&#8243;][\/vc_column_inner][\/vc_row_inner][vc_row_inner][vc_column_inner width=&#8221;1\/3&#8243;][vc_column_text] Vanjski zid: fasadna \u017ebuka \u2013 8mm Toplinska izolacija od tvrde mineralne vune \u2013 180 mm Masivna drvena kri\u017eno laminirana plo\u010da \u2013 100 mm ugradbena ravnina s mineralnom toplinskom izolacijom \u2013 50 mm vatrootporna MK plo\u010da 2x \u2013 12.5mm + 12.5mm Obrada slikanja [\/vc_column_text][\/vc_column_inner][vc_column_inner width=&#8221;1\/3&#8243;][vc_column_text] Unutarnji zid: Obrada slikanja vatrootporna MK plo\u010da 2x \u2013 12.5mm + 12.5mm Instalacijska ravnina s mineralnom zvu\u010dnom izolacijom \u2013 50 mm Masivna drvena kri\u017eno laminirana plo\u010da \u2013 100 mm vatrootporna MK plo\u010da \u2013 12,5 mm Obrada slikanja [\/vc_column_text][\/vc_column_inner][vc_column_inner width=&#8221;1\/3&#8243;][vc_column_text] Kosi krov: Krovi\u0161te (opeka, lim, vlaknasti cement) Drvene letvice za krovi\u0161te \u2013 40 mm Drvene letvice za zra\u010dni kanal \u2013 50 mm [&hellip;]","og_url":"https:\/\/www.ciprodukt.si\/hr\/drvene-kuce\/masivne-clt-kuce\/","og_site_name":"CI Produkt","article_modified_time":"2025-06-17T06:21:31+00:00","og_image":[{"width":1584,"height":1058,"url":"https:\/\/www.ciprodukt.si\/wp-content\/uploads\/2024\/05\/s1-pomanjsana.jpg","type":"image\/jpeg"}],"twitter_card":"summary_large_image","twitter_misc":{"Procijenjeno vrijeme \u010ditanja":"3 minute"},"schema":{"@context":"https:\/\/schema.org","@graph":[{"@type":"WebPage","@id":"https:\/\/www.ciprodukt.si\/hr\/drvene-kuce\/masivne-clt-kuce\/","url":"https:\/\/www.ciprodukt.si\/hr\/drvene-kuce\/masivne-clt-kuce\/","name":"Masivne CLT ku\u0107e - CI Produkt","isPartOf":{"@id":"https:\/\/www.ciprodukt.si\/#website"},"datePublished":"2025-06-16T07:48:47+00:00","dateModified":"2025-06-17T06:21:31+00:00","breadcrumb":{"@id":"https:\/\/www.ciprodukt.si\/hr\/drvene-kuce\/masivne-clt-kuce\/#breadcrumb"},"inLanguage":"hr","potentialAction":[{"@type":"ReadAction","target":["https:\/\/www.ciprodukt.si\/hr\/drvene-kuce\/masivne-clt-kuce\/"]}]},{"@type":"BreadcrumbList","@id":"https:\/\/www.ciprodukt.si\/hr\/drvene-kuce\/masivne-clt-kuce\/#breadcrumb","itemListElement":[{"@type":"ListItem","position":1,"name":"Home","item":"https:\/\/www.ciprodukt.si\/hr\/"},{"@type":"ListItem","position":2,"name":"Drvene ku\u0107e","item":"https:\/\/www.ciprodukt.si\/hr\/drvene-kuce\/"},{"@type":"ListItem","position":3,"name":"Masivne CLT ku\u0107e"}]},{"@type":"WebSite","@id":"https:\/\/www.ciprodukt.si\/#website","url":"https:\/\/www.ciprodukt.si\/","name":"CI Produkt","description":"","potentialAction":[{"@type":"SearchAction","target":{"@type":"EntryPoint","urlTemplate":"https:\/\/www.ciprodukt.si\/?s={search_term_string}"},"query-input":"required name=search_term_string"}],"inLanguage":"hr"}]}},"_links":{"self":[{"href":"https:\/\/www.ciprodukt.si\/hr\/wp-json\/wp\/v2\/pages\/3207","targetHints":{"allow":["GET"]}}],"collection":[{"href":"https:\/\/www.ciprodukt.si\/hr\/wp-json\/wp\/v2\/pages"}],"about":[{"href":"https:\/\/www.ciprodukt.si\/hr\/wp-json\/wp\/v2\/types\/page"}],"author":[{"embeddable":true,"href":"https:\/\/www.ciprodukt.si\/hr\/wp-json\/wp\/v2\/users\/1"}],"replies":[{"embeddable":true,"href":"https:\/\/www.ciprodukt.si\/hr\/wp-json\/wp\/v2\/comments?post=3207"}],"version-history":[{"count":2,"href":"https:\/\/www.ciprodukt.si\/hr\/wp-json\/wp\/v2\/pages\/3207\/revisions"}],"predecessor-version":[{"id":3412,"href":"https:\/\/www.ciprodukt.si\/hr\/wp-json\/wp\/v2\/pages\/3207\/revisions\/3412"}],"up":[{"embeddable":true,"href":"https:\/\/www.ciprodukt.si\/hr\/wp-json\/wp\/v2\/pages\/3203"}],"wp:featuredmedia":[{"embeddable":true,"href":"https:\/\/www.ciprodukt.si\/hr\/wp-json\/wp\/v2\/media\/2524"}],"wp:attachment":[{"href":"https:\/\/www.ciprodukt.si\/hr\/wp-json\/wp\/v2\/media?parent=3207"}],"curies":[{"name":"wp","href":"https:\/\/api.w.org\/{rel}","templated":true}]}}