{"id":3209,"date":"2025-06-16T08:48:55","date_gmt":"2025-06-16T07:48:55","guid":{"rendered":"https:\/\/www.ciprodukt.si\/tipske-hise\/"},"modified":"2025-07-01T12:13:30","modified_gmt":"2025-07-01T11:13:30","slug":"tipske-kuce","status":"publish","type":"page","link":"https:\/\/www.ciprodukt.si\/hr\/drvene-kuce\/tipske-kuce\/","title":{"rendered":"Tipske ku\u0107e"},"content":{"rendered":"<div class=\"wpb-content-wrapper\"><p>[vc_row full_width=&#8221;stretch_row_content_no_spaces&#8221; el_class=&#8221;sp-page-title&#8221;][vc_column]\t\t\n\t\t<div class=\"title-banner-bg\" style=\"background-image: linear-gradient(rgba(0, 0, 0, 0.0),rgba(0, 0, 0, 0.0)),url(https:\/\/www.ciprodukt.si\/wp-content\/uploads\/2024\/05\/enokapna_1-pomanjsana-1.png);\">\n\t\t<div class=\"title-banner-bg-mobile-shadow\"><\/div>\n\t\t<\/div>\n\t\t\t\t\n\t\t<div class=\"title-banner\">\n\t\t\t<div class=\"container\">\n\t\t\t\t<div class=\"breadcrumbs-container\">\n\t\t\t\t\t\t<div class=\"breadcrumbs\">\n\t\t\t\t\t\t\t\n\t<ul class=\"ns-breadcrumbs\">\n\t\t\t<li><a href=\"https:\/\/www.ciprodukt.si\/hr\/\">Dom<\/a><\/li>\n\t\t\t\t\t<li><a href=\"https:\/\/www.ciprodukt.si\/hr\/drvene-kuce\/\">Drvene ku\u0107e<\/a><\/li>\n\t\t\t\t<li>Tipske ku\u0107e<\/li>\n\t<\/ul>\n\t\n\t\t\t\t\t\t\t\t<div class=\"clearfix\"><\/div>\n\t\t\t\t\t\t<\/div>\n\t\t\t\t<\/div>\n\t\t\t\t\t\t\t\t\t<h1 class=\"entry-title\">Tipske ku\u0107e<\/h1>\n\t\t\t\t\t\t\t\t\t\t\t\t\t<p>U CI PRODUKT-u, unato\u010d fokusu na pojedina\u010dne projekte, nudimo nekoliko tipi\u010dnih obiteljskih stambenih ku\u0107a, razli\u010ditih tlocrta, rasporeda i krovne arhitekture. Sve ku\u0107e se tako\u0111er mogu individualno prilagoditi lokaciji rasporeda i \u017eeljama investitora.<\/p>\n\t\t\t<\/div>\n\t\t<\/div>\n\n\t\t[\/vc_column][\/vc_row][vc_row full_width=&#8221;stretch_row&#8221; gap=&#8221;30&#8243;][vc_column][vc_row_inner][vc_column_inner width=&#8221;1\/3&#8243;][vc_column_text]<\/p>\n<h3 style=\"text-align: center;\">CI ALFA<\/h3>\n<p>[\/vc_column_text][vc_single_image image=&#8221;718&#8243;][vc_column_text]VANJSKI DOVR\u0160ENI OBJEKT:<br \/>\nod <strong>800 <\/strong>EUR\/m2 bruto povr\u0161ine<\/p>\n<p>NEDOVR\u0160ENI OBJEKT:<br \/>\nod <strong>1400 <\/strong>EUR\/m2 bruto povr\u0161ine<\/p>\n<p>FINALIZIRANI OBJEKT:<br \/>\nod <strong>1800 <\/strong>EUR\/m2 bruto povr\u0161ine[\/vc_column_text]\t\t\n\t\t<a href=\"https:\/\/www.ciprodukt.si\/hr\/drvene-kuce\/tipske-kuce\/ci-alpha\/\" target=\"\" class=\"btn  btn-default btn-lg \" id=\"\">Detalji<\/a>\n\n\n\t\t[vc_empty_space][\/vc_column_inner][vc_column_inner width=&#8221;1\/3&#8243;][vc_column_text]<\/p>\n<h3 style=\"text-align: center;\">CI BETA<\/h3>\n<p>[\/vc_column_text][vc_single_image image=&#8221;756&#8243;][vc_column_text]VANJSKI DOVR\u0160ENI OBJEKT:<br \/>\nod <strong>850 <\/strong>EUR\/m2 bruto povr\u0161ine<\/p>\n<p>NEDOVR\u0160ENI OBJEKT:<br \/>\nod <strong>1450 <\/strong>EUR\/m2 bruto povr\u0161ine<\/p>\n<p>FINALIZIRANI OBJEKT:<br \/>\nod <strong>1850 <\/strong>EUR\/m2 bruto povr\u0161ine[\/vc_column_text]\t\t\n\t\t<a href=\"https:\/\/www.ciprodukt.si\/hr\/drvene-kuce\/tipske-kuce\/ci-beta\/\" target=\"\" class=\"btn  btn-default btn-lg \" id=\"\">Detalji<\/a>\n\n\n\t\t[vc_empty_space][\/vc_column_inner][vc_column_inner width=&#8221;1\/3&#8243;][vc_column_text]<\/p>\n<h3 style=\"text-align: center;\">CI GAMA<\/h3>\n<p>[\/vc_column_text][vc_single_image image=&#8221;791&#8243;][vc_column_text]VANJSKI DOVR\u0160ENI OBJEKT:<br \/>\nod <strong>850 <\/strong>EUR\/m2 bruto povr\u0161ine<\/p>\n<p>NEDOVR\u0160ENI OBJEKT:<br \/>\nod <strong>1450 <\/strong>EUR\/m2 bruto povr\u0161ine<\/p>\n<p>FINALIZIRANI OBJEKT:<br \/>\nod <strong>1850 <\/strong>EUR\/m2 bruto povr\u0161ine[\/vc_column_text]\t\t\n\t\t<a href=\"https:\/\/www.ciprodukt.si\/hr\/drvene-kuce\/tipske-kuce\/ci-gama\/\" target=\"\" class=\"btn  btn-default btn-lg \" id=\"\">Detalji<\/a>\n\n\n\t\t[vc_empty_space][\/vc_column_inner][\/vc_row_inner][vc_empty_space el_class=&#8221;empty-space-hide-mobile&#8221;][\/vc_column][\/vc_row][vc_row full_width=&#8221;stretch_row&#8221; gap=&#8221;30&#8243; el_class=&#8221;sp-row&#8221;][vc_column width=&#8221;1\/6&#8243;][\/vc_column][vc_column width=&#8221;2\/3&#8243;][\/vc_column][vc_column width=&#8221;1\/6&#8243;][\/vc_column][\/vc_row][vc_row full_width=&#8221;stretch_row&#8221; gap=&#8221;30&#8243; el_class=&#8221;sp-row&#8221;][vc_column][vc_column_text]<\/p>\n<h2 style=\"text-align: center;\">Opis faza gradnje CI PRODUKT<\/h2>\n<p>[\/vc_column_text][vc_column_text]<\/p>\n<p style=\"text-align: center;\">Sve ku\u0107e mogu se graditi u na\u0161im gra\u0111evinskim sustavima CI NATUR, CI MASSIF ili CI MASIV-NATUR.<br \/>\nKu\u0107e se mogu izvoditi u tri faze gradnje, i to:<\/p>\n<p>[\/vc_column_text][vc_empty_space height=&#8221;40px&#8221;][vc_row_inner equal_height=&#8221;Da&#8221;][vc_column_inner width=&#8221;1\/3&#8243; css=&#8221;.vc_custom_1716988423365{margin-right: 20px !important;padding-left: 20px !important;background-color: #f8f8f8 !important;}&#8221;][vc_column_text]<\/p>\n<h3>Vanjska gotova zgrada<\/h3>\n<ul>\n<li>Drvena nosiva konstrukcija<\/li>\n<li>Toplinska ovojnica vanjskih zidova, prevjesa i krova<\/li>\n<li>Unutarnji zidovi i stropovi otvoreni s jedne strane za raspodjelu instalacija<\/li>\n<li>Stolarija \u2013 prozori i ulazna vrata, priprema za vanjske rolete, vanjske police<\/li>\n<li>Krovni i vodovodni radovi na krovu<\/li>\n<li>fasada s hidroizolacijom u podru\u010dju fasadne baze<\/li>\n<li>Drvena konstrukcija unutarnjeg stubi\u0161ta<\/li>\n<\/ul>\n<p>[\/vc_column_text][\/vc_column_inner][vc_column_inner width=&#8221;1\/3&#8243; css=&#8221;.vc_custom_1716988431088{padding-left: 20px !important;background-color: #f8f8f8 !important;}&#8221;][vc_column_text]<\/p>\n<h3>Objekt nije dovr\u0161en<\/h3>\n<ul>\n<li>Vanjska gotova zgrada<\/li>\n<li>Gruba raspodjela elektri\u010dnih instalacija s cijevima, vodi\u010dima i dosijeima te spajanje unutarnjeg elektro ormari\u0107a<\/li>\n<li>Grubi razvod ku\u0107nog vodovoda<\/li>\n<li>Gruba raspodjela cijevi za ventilaciju ku\u0107e sa zidnim ili stropnim komorama<\/li>\n<li>Strojni estrihi s distribucijom podnog grijanja<\/li>\n<li>Gruba raspodjela ugradbenih klimatizacijskih instalacija<\/li>\n<li>Zatvaranje unutarnjih zidova i stropova drvenim i gipsanim plo\u010dama<\/li>\n<li>Ravnine ugradnje vanjskih zidova s toplinskom izolacijom i gips kartonom<\/li>\n<li>Unutarnje drvene ili kamene police<\/li>\n<\/ul>\n<p>[\/vc_column_text][\/vc_column_inner][vc_column_inner width=&#8221;1\/3&#8243; css=&#8221;.vc_custom_1716988436326{margin-left: 20px !important;padding-left: 20px !important;background-color: #f8f8f8 !important;}&#8221;][vc_column_text]<\/p>\n<h3>Finalizirani objekt<\/h3>\n<ul>\n<li>Slikarski radovi<\/li>\n<li>Kerami\u010dki radovi<\/li>\n<li>Ugradnja unutarnjih vrata<\/li>\n<li>Ugradnja dizalice topline<\/li>\n<li>Ugradnja ventilacijskog ure\u0111aja<\/li>\n<li>Ugradnja klima ure\u0111aja<\/li>\n<li>Fina ugradnja vodovodnih instalacija (sanitarna oprema)<\/li>\n<li>Fino postavljanje elektri\u010dnih instalacija + mjerenja (prekida\u010di, uti\u010dnice, svjetla)<\/li>\n<li>Vanjske sjenila prozora<\/li>\n<li>Ograde na stubi\u0161tu i francuskim balkonima<\/li>\n<\/ul>\n<p>[\/vc_column_text][\/vc_column_inner][\/vc_row_inner][vc_empty_space height=&#8221;40px&#8221;][vc_column_text]<\/p>\n<p style=\"text-align: center;\">Za sve njih brinemo i o projektima IDZ, DGD, PZI i PID koji su dio ponude u programu standardnih ku\u0107a.<\/p>\n<p>[\/vc_column_text][\/vc_column][\/vc_row][vc_row][vc_column][vc_column_text]<\/p>\n<h2 style=\"text-align: center;\">Referentni projekti &#8211; Drvene ku\u0107e<\/h2>\n<p style=\"text-align: center;\">Zadovoljstvo nam je predstaviti vam najnovije referentne projekte koje smo proveli za na\u0161e klijente.<\/p>\n<p>[\/vc_column_text]<div class=\"loop-container  \"><div class=\"row\" id=\"1716895816186-4A5DD39F-99B8\"><div class=\"loop-item col-lg-4 col-md-4 col-sm-6 col-xs-12\"><div class=\"wpb-content-wrapper\"><p>[vc_row][vc_column]            \t\t\t            \t<div class=\"loop-item-horizontal loop-item-horizontal-referenca\">\n\t\t\t\t\t\t\t\t\t\n                <div class=\"c1 vc_col-xs-12 vc_col-md-5\">\n                    <a target=\"\" href=\"https:\/\/www.ciprodukt.si\/hr\/referenca-blog\/drvena-skeletna-kuca-godic\/\">                        <div >\n                            <img decoding=\"async\" src=\"https:\/\/www.ciprodukt.si\/wp-content\/uploads\/2024\/06\/hisa_godic_6.jpg\" alt=\"ilustrativna slika\" class=\"img-responsive\">\n                        <\/div>\n                    <\/a>\t\t\n\t\t\t\t\t\n                <\/div>\n\t\t\t\t<div class=\"c2\">\n\t\t\t\t\t<a target=\"\" href=\"https:\/\/www.ciprodukt.si\/hr\/referenca-blog\/drvena-skeletna-kuca-godic\/\">\t\t\t\t\t<h4>\n                  \t Drvena skeletna ku\u0107a Godi\u010d                     <\/h4>\n\t\t\t\t\t<p>Skeletne ku\u0107e <\/p>\n\t\t\t\t\t<\/a>\t\t\t\t<\/div>\n                            <\/div>\n            [\/vc_column][\/vc_row]<\/p>\n<\/div><\/div><div class=\"loop-item col-lg-4 col-md-4 col-sm-6 col-xs-12\"><div class=\"wpb-content-wrapper\"><p>[vc_row][vc_column]            \t\t\t            \t<div class=\"loop-item-horizontal loop-item-horizontal-referenca\">\n\t\t\t\t\t\t\t\t\t\n                <div class=\"c1 vc_col-xs-12 vc_col-md-5\">\n                    <a target=\"\" href=\"https:\/\/www.ciprodukt.si\/hr\/referenca-blog\/drvena-skeletna-kuca-maribor\/\">                        <div >\n                            <img decoding=\"async\" src=\"https:\/\/www.ciprodukt.si\/wp-content\/uploads\/2018\/11\/hisa-maribor4.jpg\" alt=\"ilustrativna slika\" class=\"img-responsive\">\n                        <\/div>\n                    <\/a>\t\t\n\t\t\t\t\t\n                <\/div>\n\t\t\t\t<div class=\"c2\">\n\t\t\t\t\t<a target=\"\" href=\"https:\/\/www.ciprodukt.si\/hr\/referenca-blog\/drvena-skeletna-kuca-maribor\/\">\t\t\t\t\t<h4>\n                  \t Drvena skeletna ku\u0107a Maribor                     <\/h4>\n\t\t\t\t\t<p>Skeletne ku\u0107e <\/p>\n\t\t\t\t\t<\/a>\t\t\t\t<\/div>\n                            <\/div>\n            [\/vc_column][\/vc_row]<\/p>\n<\/div><\/div><div class=\"loop-item col-lg-4 col-md-4 col-sm-6 col-xs-12\"><div class=\"wpb-content-wrapper\"><p>[vc_row][vc_column]            \t\t\t            \t<div class=\"loop-item-horizontal loop-item-horizontal-referenca\">\n\t\t\t\t\t\t\t\t\t\n                <div class=\"c1 vc_col-xs-12 vc_col-md-5\">\n                    <a target=\"\" href=\"https:\/\/www.ciprodukt.si\/hr\/referenca-blog\/drvena-skeletna-kuca-milje\/\">                        <div >\n                            <img decoding=\"async\" src=\"https:\/\/www.ciprodukt.si\/wp-content\/uploads\/2018\/11\/hisa-milje3.jpg\" alt=\"ilustrativna slika\" class=\"img-responsive\">\n                        <\/div>\n                    <\/a>\t\t\n\t\t\t\t\t\n                <\/div>\n\t\t\t\t<div class=\"c2\">\n\t\t\t\t\t<a target=\"\" href=\"https:\/\/www.ciprodukt.si\/hr\/referenca-blog\/drvena-skeletna-kuca-milje\/\">\t\t\t\t\t<h4>\n                  \t Drvena skeletna ku\u0107a Milje                     <\/h4>\n\t\t\t\t\t<p>Skeletne ku\u0107e <\/p>\n\t\t\t\t\t<\/a>\t\t\t\t<\/div>\n                            <\/div>\n            [\/vc_column][\/vc_row]<\/p>\n<\/div><\/div><\/div><div class=\"ref-single-btn-wrap\"><a href=\"https:\/\/www.ciprodukt.si\/hr\/reference\/\" class=\"btn  btn-default btn-lg \">Ve\u010d referenc<\/a><\/div><\/div>[vc_empty_space height=&#8221;60px&#8221;][\/vc_column][\/vc_row]<\/p>\n<\/div>","protected":false},"excerpt":{"rendered":"<p>[vc_row full_width=&#8221;stretch_row_content_no_spaces&#8221; el_class=&#8221;sp-page-title&#8221;][vc_column][\/vc_column][\/vc_row][vc_row full_width=&#8221;stretch_row&#8221; gap=&#8221;30&#8243;][vc_column][vc_row_inner][vc_column_inner width=&#8221;1\/3&#8243;][vc_column_text] CI ALFA [\/vc_column_text][vc_single_image image=&#8221;718&#8243;][vc_column_text]VANJSKI DOVR\u0160ENI OBJEKT: od 800 EUR\/m2 bruto povr\u0161ine NEDOVR\u0160ENI OBJEKT: od 1400 EUR\/m2 bruto povr\u0161ine FINALIZIRANI OBJEKT: od 1800 EUR\/m2 bruto povr\u0161ine[\/vc_column_text][vc_empty_space][\/vc_column_inner][vc_column_inner width=&#8221;1\/3&#8243;][vc_column_text] CI BETA [\/vc_column_text][vc_single_image image=&#8221;756&#8243;][vc_column_text]VANJSKI DOVR\u0160ENI OBJEKT: od 850 EUR\/m2 bruto povr\u0161ine NEDOVR\u0160ENI OBJEKT: od 1450 EUR\/m2 bruto povr\u0161ine FINALIZIRANI OBJEKT: od 1850 EUR\/m2 bruto povr\u0161ine[\/vc_column_text][vc_empty_space][\/vc_column_inner][vc_column_inner width=&#8221;1\/3&#8243;][vc_column_text] CI GAMA [\/vc_column_text][vc_single_image image=&#8221;791&#8243;][vc_column_text]VANJSKI DOVR\u0160ENI OBJEKT: od 850 EUR\/m2 bruto povr\u0161ine NEDOVR\u0160ENI OBJEKT: od 1450 EUR\/m2 bruto povr\u0161ine FINALIZIRANI OBJEKT: od 1850 EUR\/m2 bruto povr\u0161ine[\/vc_column_text][vc_empty_space][\/vc_column_inner][\/vc_row_inner][vc_empty_space el_class=&#8221;empty-space-hide-mobile&#8221;][\/vc_column][\/vc_row][vc_row full_width=&#8221;stretch_row&#8221; gap=&#8221;30&#8243; el_class=&#8221;sp-row&#8221;][vc_column width=&#8221;1\/6&#8243;][\/vc_column][vc_column width=&#8221;2\/3&#8243;][\/vc_column][vc_column width=&#8221;1\/6&#8243;][\/vc_column][\/vc_row][vc_row full_width=&#8221;stretch_row&#8221; gap=&#8221;30&#8243; el_class=&#8221;sp-row&#8221;][vc_column][vc_column_text] Opis faza gradnje CI PRODUKT [\/vc_column_text][vc_column_text] Sve ku\u0107e mogu se graditi u na\u0161im gra\u0111evinskim sustavima CI NATUR, CI MASSIF ili CI MASIV-NATUR. Ku\u0107e se mogu izvoditi u [&hellip;]<\/p>\n","protected":false},"author":1,"featured_media":2558,"parent":3203,"menu_order":2,"comment_status":"closed","ping_status":"closed","template":"","meta":{"footnotes":""},"class_list":["post-3209","page","type-page","status-publish","has-post-thumbnail","hentry"],"yoast_head":"<!-- This site is optimized with the Yoast SEO plugin v21.3 - https:\/\/yoast.com\/wordpress\/plugins\/seo\/ -->\n<title>Tipske ku\u0107e - CI Produkt<\/title>\n<meta name=\"description\" content=\"Arhitektura: Peter Pav\u0161i\u010d, ARHIPETRUS Lokacija: Milje Vrsta objekta: Stambena ku\u0107a Neto povr\u0161ina: 132m2 Vrsta konstrukcije: Drveni kostur Energetska sigurnost: 25 kwh\/m2a House tehnologija: spremnik zrak-voda, sakuplja\u010d ki\u0161nice Stolarija: Drveni prozori\" \/>\n<meta name=\"robots\" content=\"index, follow, max-snippet:-1, max-image-preview:large, max-video-preview:-1\" \/>\n<link rel=\"canonical\" href=\"https:\/\/www.ciprodukt.si\/hr\/drvene-kuce\/tipske-kuce\/\" \/>\n<meta property=\"og:locale\" content=\"hr_HR\" \/>\n<meta property=\"og:type\" content=\"article\" \/>\n<meta property=\"og:title\" content=\"Tipske ku\u0107e - CI Produkt\" \/>\n<meta property=\"og:description\" content=\"[vc_row full_width=&#8221;stretch_row_content_no_spaces&#8221; el_class=&#8221;sp-page-title&#8221;][vc_column][\/vc_column][\/vc_row][vc_row full_width=&#8221;stretch_row&#8221; gap=&#8221;30&#8243;][vc_column][vc_row_inner][vc_column_inner width=&#8221;1\/3&#8243;][vc_column_text] CI ALFA [\/vc_column_text][vc_single_image image=&#8221;718&#8243;][vc_column_text]VANJSKI DOVR\u0160ENI OBJEKT: od 800 EUR\/m2 bruto povr\u0161ine NEDOVR\u0160ENI OBJEKT: od 1400 EUR\/m2 bruto povr\u0161ine FINALIZIRANI OBJEKT: od 1800 EUR\/m2 bruto povr\u0161ine[\/vc_column_text][vc_empty_space][\/vc_column_inner][vc_column_inner width=&#8221;1\/3&#8243;][vc_column_text] CI BETA [\/vc_column_text][vc_single_image image=&#8221;756&#8243;][vc_column_text]VANJSKI DOVR\u0160ENI OBJEKT: od 850 EUR\/m2 bruto povr\u0161ine NEDOVR\u0160ENI OBJEKT: od 1450 EUR\/m2 bruto povr\u0161ine FINALIZIRANI OBJEKT: od 1850 EUR\/m2 bruto povr\u0161ine[\/vc_column_text][vc_empty_space][\/vc_column_inner][vc_column_inner width=&#8221;1\/3&#8243;][vc_column_text] CI GAMA [\/vc_column_text][vc_single_image image=&#8221;791&#8243;][vc_column_text]VANJSKI DOVR\u0160ENI OBJEKT: od 850 EUR\/m2 bruto povr\u0161ine NEDOVR\u0160ENI OBJEKT: od 1450 EUR\/m2 bruto povr\u0161ine FINALIZIRANI OBJEKT: od 1850 EUR\/m2 bruto povr\u0161ine[\/vc_column_text][vc_empty_space][\/vc_column_inner][\/vc_row_inner][vc_empty_space el_class=&#8221;empty-space-hide-mobile&#8221;][\/vc_column][\/vc_row][vc_row full_width=&#8221;stretch_row&#8221; gap=&#8221;30&#8243; el_class=&#8221;sp-row&#8221;][vc_column width=&#8221;1\/6&#8243;][\/vc_column][vc_column width=&#8221;2\/3&#8243;][\/vc_column][vc_column width=&#8221;1\/6&#8243;][\/vc_column][\/vc_row][vc_row full_width=&#8221;stretch_row&#8221; gap=&#8221;30&#8243; el_class=&#8221;sp-row&#8221;][vc_column][vc_column_text] Opis faza gradnje CI PRODUKT [\/vc_column_text][vc_column_text] Sve ku\u0107e mogu se graditi u na\u0161im gra\u0111evinskim sustavima CI NATUR, CI MASSIF ili CI MASIV-NATUR. Ku\u0107e se mogu izvoditi u [&hellip;]\" \/>\n<meta property=\"og:url\" content=\"https:\/\/www.ciprodukt.si\/hr\/drvene-kuce\/tipske-kuce\/\" \/>\n<meta property=\"og:site_name\" content=\"CI Produkt\" \/>\n<meta property=\"article:modified_time\" content=\"2025-07-01T11:13:30+00:00\" \/>\n<meta property=\"og:image\" content=\"https:\/\/www.ciprodukt.si\/wp-content\/uploads\/2024\/05\/enokapna_1-pomanjsana-1-1024x576.png\" \/>\n\t<meta property=\"og:image:width\" content=\"1024\" \/>\n\t<meta property=\"og:image:height\" content=\"576\" \/>\n\t<meta property=\"og:image:type\" content=\"image\/png\" \/>\n<meta name=\"twitter:card\" content=\"summary_large_image\" \/>\n<meta name=\"twitter:label1\" content=\"Procijenjeno vrijeme \u010ditanja\" \/>\n\t<meta name=\"twitter:data1\" content=\"3 minute\" \/>\n<script type=\"application\/ld+json\" class=\"yoast-schema-graph\">{\"@context\":\"https:\/\/schema.org\",\"@graph\":[{\"@type\":\"WebPage\",\"@id\":\"https:\/\/www.ciprodukt.si\/hr\/drvene-kuce\/tipske-kuce\/\",\"url\":\"https:\/\/www.ciprodukt.si\/hr\/drvene-kuce\/tipske-kuce\/\",\"name\":\"Tipske ku\u0107e - CI Produkt\",\"isPartOf\":{\"@id\":\"https:\/\/www.ciprodukt.si\/#website\"},\"datePublished\":\"2025-06-16T07:48:55+00:00\",\"dateModified\":\"2025-07-01T11:13:30+00:00\",\"breadcrumb\":{\"@id\":\"https:\/\/www.ciprodukt.si\/hr\/drvene-kuce\/tipske-kuce\/#breadcrumb\"},\"inLanguage\":\"hr\",\"potentialAction\":[{\"@type\":\"ReadAction\",\"target\":[\"https:\/\/www.ciprodukt.si\/hr\/drvene-kuce\/tipske-kuce\/\"]}]},{\"@type\":\"BreadcrumbList\",\"@id\":\"https:\/\/www.ciprodukt.si\/hr\/drvene-kuce\/tipske-kuce\/#breadcrumb\",\"itemListElement\":[{\"@type\":\"ListItem\",\"position\":1,\"name\":\"Home\",\"item\":\"https:\/\/www.ciprodukt.si\/hr\/\"},{\"@type\":\"ListItem\",\"position\":2,\"name\":\"Drvene ku\u0107e\",\"item\":\"https:\/\/www.ciprodukt.si\/hr\/drvene-kuce\/\"},{\"@type\":\"ListItem\",\"position\":3,\"name\":\"Tipske ku\u0107e\"}]},{\"@type\":\"WebSite\",\"@id\":\"https:\/\/www.ciprodukt.si\/#website\",\"url\":\"https:\/\/www.ciprodukt.si\/\",\"name\":\"CI Produkt\",\"description\":\"\",\"potentialAction\":[{\"@type\":\"SearchAction\",\"target\":{\"@type\":\"EntryPoint\",\"urlTemplate\":\"https:\/\/www.ciprodukt.si\/?s={search_term_string}\"},\"query-input\":\"required name=search_term_string\"}],\"inLanguage\":\"hr\"}]}<\/script>\n<!-- \/ Yoast SEO plugin. -->","yoast_head_json":{"title":"Tipske ku\u0107e - CI Produkt","description":"Arhitektura: Peter Pav\u0161i\u010d, ARHIPETRUS Lokacija: Milje Vrsta objekta: Stambena ku\u0107a Neto povr\u0161ina: 132m2 Vrsta konstrukcije: Drveni kostur Energetska sigurnost: 25 kwh\/m2a House tehnologija: spremnik zrak-voda, sakuplja\u010d ki\u0161nice Stolarija: Drveni prozori","robots":{"index":"index","follow":"follow","max-snippet":"max-snippet:-1","max-image-preview":"max-image-preview:large","max-video-preview":"max-video-preview:-1"},"canonical":"https:\/\/www.ciprodukt.si\/hr\/drvene-kuce\/tipske-kuce\/","og_locale":"hr_HR","og_type":"article","og_title":"Tipske ku\u0107e - CI Produkt","og_description":"[vc_row full_width=&#8221;stretch_row_content_no_spaces&#8221; el_class=&#8221;sp-page-title&#8221;][vc_column][\/vc_column][\/vc_row][vc_row full_width=&#8221;stretch_row&#8221; gap=&#8221;30&#8243;][vc_column][vc_row_inner][vc_column_inner width=&#8221;1\/3&#8243;][vc_column_text] CI ALFA [\/vc_column_text][vc_single_image image=&#8221;718&#8243;][vc_column_text]VANJSKI DOVR\u0160ENI OBJEKT: od 800 EUR\/m2 bruto povr\u0161ine NEDOVR\u0160ENI OBJEKT: od 1400 EUR\/m2 bruto povr\u0161ine FINALIZIRANI OBJEKT: od 1800 EUR\/m2 bruto povr\u0161ine[\/vc_column_text][vc_empty_space][\/vc_column_inner][vc_column_inner width=&#8221;1\/3&#8243;][vc_column_text] CI BETA [\/vc_column_text][vc_single_image image=&#8221;756&#8243;][vc_column_text]VANJSKI DOVR\u0160ENI OBJEKT: od 850 EUR\/m2 bruto povr\u0161ine NEDOVR\u0160ENI OBJEKT: od 1450 EUR\/m2 bruto povr\u0161ine FINALIZIRANI OBJEKT: od 1850 EUR\/m2 bruto povr\u0161ine[\/vc_column_text][vc_empty_space][\/vc_column_inner][vc_column_inner width=&#8221;1\/3&#8243;][vc_column_text] CI GAMA [\/vc_column_text][vc_single_image image=&#8221;791&#8243;][vc_column_text]VANJSKI DOVR\u0160ENI OBJEKT: od 850 EUR\/m2 bruto povr\u0161ine NEDOVR\u0160ENI OBJEKT: od 1450 EUR\/m2 bruto povr\u0161ine FINALIZIRANI OBJEKT: od 1850 EUR\/m2 bruto povr\u0161ine[\/vc_column_text][vc_empty_space][\/vc_column_inner][\/vc_row_inner][vc_empty_space el_class=&#8221;empty-space-hide-mobile&#8221;][\/vc_column][\/vc_row][vc_row full_width=&#8221;stretch_row&#8221; gap=&#8221;30&#8243; el_class=&#8221;sp-row&#8221;][vc_column width=&#8221;1\/6&#8243;][\/vc_column][vc_column width=&#8221;2\/3&#8243;][\/vc_column][vc_column width=&#8221;1\/6&#8243;][\/vc_column][\/vc_row][vc_row full_width=&#8221;stretch_row&#8221; gap=&#8221;30&#8243; el_class=&#8221;sp-row&#8221;][vc_column][vc_column_text] Opis faza gradnje CI PRODUKT [\/vc_column_text][vc_column_text] Sve ku\u0107e mogu se graditi u na\u0161im gra\u0111evinskim sustavima CI NATUR, CI MASSIF ili CI MASIV-NATUR. Ku\u0107e se mogu izvoditi u [&hellip;]","og_url":"https:\/\/www.ciprodukt.si\/hr\/drvene-kuce\/tipske-kuce\/","og_site_name":"CI Produkt","article_modified_time":"2025-07-01T11:13:30+00:00","og_image":[{"width":1024,"height":576,"url":"https:\/\/www.ciprodukt.si\/wp-content\/uploads\/2024\/05\/enokapna_1-pomanjsana-1-1024x576.png","type":"image\/png"}],"twitter_card":"summary_large_image","twitter_misc":{"Procijenjeno vrijeme \u010ditanja":"3 minute"},"schema":{"@context":"https:\/\/schema.org","@graph":[{"@type":"WebPage","@id":"https:\/\/www.ciprodukt.si\/hr\/drvene-kuce\/tipske-kuce\/","url":"https:\/\/www.ciprodukt.si\/hr\/drvene-kuce\/tipske-kuce\/","name":"Tipske ku\u0107e - CI Produkt","isPartOf":{"@id":"https:\/\/www.ciprodukt.si\/#website"},"datePublished":"2025-06-16T07:48:55+00:00","dateModified":"2025-07-01T11:13:30+00:00","breadcrumb":{"@id":"https:\/\/www.ciprodukt.si\/hr\/drvene-kuce\/tipske-kuce\/#breadcrumb"},"inLanguage":"hr","potentialAction":[{"@type":"ReadAction","target":["https:\/\/www.ciprodukt.si\/hr\/drvene-kuce\/tipske-kuce\/"]}]},{"@type":"BreadcrumbList","@id":"https:\/\/www.ciprodukt.si\/hr\/drvene-kuce\/tipske-kuce\/#breadcrumb","itemListElement":[{"@type":"ListItem","position":1,"name":"Home","item":"https:\/\/www.ciprodukt.si\/hr\/"},{"@type":"ListItem","position":2,"name":"Drvene ku\u0107e","item":"https:\/\/www.ciprodukt.si\/hr\/drvene-kuce\/"},{"@type":"ListItem","position":3,"name":"Tipske ku\u0107e"}]},{"@type":"WebSite","@id":"https:\/\/www.ciprodukt.si\/#website","url":"https:\/\/www.ciprodukt.si\/","name":"CI Produkt","description":"","potentialAction":[{"@type":"SearchAction","target":{"@type":"EntryPoint","urlTemplate":"https:\/\/www.ciprodukt.si\/?s={search_term_string}"},"query-input":"required name=search_term_string"}],"inLanguage":"hr"}]}},"_links":{"self":[{"href":"https:\/\/www.ciprodukt.si\/hr\/wp-json\/wp\/v2\/pages\/3209","targetHints":{"allow":["GET"]}}],"collection":[{"href":"https:\/\/www.ciprodukt.si\/hr\/wp-json\/wp\/v2\/pages"}],"about":[{"href":"https:\/\/www.ciprodukt.si\/hr\/wp-json\/wp\/v2\/types\/page"}],"author":[{"embeddable":true,"href":"https:\/\/www.ciprodukt.si\/hr\/wp-json\/wp\/v2\/users\/1"}],"replies":[{"embeddable":true,"href":"https:\/\/www.ciprodukt.si\/hr\/wp-json\/wp\/v2\/comments?post=3209"}],"version-history":[{"count":4,"href":"https:\/\/www.ciprodukt.si\/hr\/wp-json\/wp\/v2\/pages\/3209\/revisions"}],"predecessor-version":[{"id":3435,"href":"https:\/\/www.ciprodukt.si\/hr\/wp-json\/wp\/v2\/pages\/3209\/revisions\/3435"}],"up":[{"embeddable":true,"href":"https:\/\/www.ciprodukt.si\/hr\/wp-json\/wp\/v2\/pages\/3203"}],"wp:featuredmedia":[{"embeddable":true,"href":"https:\/\/www.ciprodukt.si\/hr\/wp-json\/wp\/v2\/media\/2558"}],"wp:attachment":[{"href":"https:\/\/www.ciprodukt.si\/hr\/wp-json\/wp\/v2\/media?parent=3209"}],"curies":[{"name":"wp","href":"https:\/\/api.w.org\/{rel}","templated":true}]}}