{"id":3217,"date":"2025-06-16T08:50:40","date_gmt":"2025-06-16T07:50:40","guid":{"rendered":"https:\/\/www.ciprodukt.si\/lesene-konstrukcije-2\/"},"modified":"2025-06-16T08:50:40","modified_gmt":"2025-06-16T07:50:40","slug":"drvene-konstrukcije","status":"publish","type":"page","link":"https:\/\/www.ciprodukt.si\/hr\/drvene-konstrukcije\/","title":{"rendered":"Drvene konstrukcije"},"content":{"rendered":"<div class=\"wpb-content-wrapper\"><p>[vc_row full_width=&#8221;stretch_row_content_no_spaces&#8221; el_class=&#8221;sp-page-title&#8221;][vc_column]\t\t\n\t\t<div class=\"title-banner-bg\" style=\"background-image: linear-gradient(rgba(0, 0, 0, 0.0),rgba(0, 0, 0, 0.0)),url(https:\/\/www.ciprodukt.si\/wp-content\/uploads\/2024\/05\/33869298_1626897887359263_5440482528936853504_o.jpg);\">\n\t\t<div class=\"title-banner-bg-mobile-shadow\"><\/div>\n\t\t<\/div>\n\t\t\t\t\n\t\t<div class=\"title-banner\">\n\t\t\t<div class=\"container\">\n\t\t\t\t<div class=\"breadcrumbs-container\">\n\t\t\t\t\t\t<div class=\"breadcrumbs\">\n\t\t\t\t\t\t\t\n\t<ul class=\"ns-breadcrumbs\">\n\t\t\t<li><a href=\"https:\/\/www.ciprodukt.si\/hr\/\">Dom<\/a><\/li>\n\t\t\t\t<li>Drvene konstrukcije<\/li>\n\t<\/ul>\n\t\n\t\t\t\t\t\t\t\t<div class=\"clearfix\"><\/div>\n\t\t\t\t\t\t<\/div>\n\t\t\t\t<\/div>\n\t\t\t\t\t\t\t\t\t<h1 class=\"entry-title\">Drvene konstrukcije<\/h1>\n\t\t\t\t\t\t\t\t\t\t\t\t\t<p>Drvene konstrukcije su gra\u0111evinske konstrukcije izra\u0111ene od drveta. Ove su konstrukcije popularne zbog mnogih prednosti koje drvo nudi, kao \u0161to su trajnost, estetska privla\u010dnost, dobra toplinska izolacija i relativno mala te\u017eina. Drvene konstrukcije koriste se u raznim vrstama gra\u0111evinskih projekata, od stambenih ku\u0107a do poslovnih zgrada i infrastrukture.<\/p>\n\t\t\t<\/div>\n\t\t<\/div>\n\n\t\t[\/vc_column][\/vc_row][vc_row full_width=&#8221;stretch_row&#8221; gap=&#8221;30&#8243; el_class=&#8221;sp-row&#8221;][vc_column]          \n\n\n          \n          \n                  <div class=\"subcat-wrap subcat-wrap-slider\" id=\"6a05fd74a92d7\">\n    \n\n                        <div class=\"subcat-cont\">\n              <a href=\"https:\/\/www.ciprodukt.si\/hr\/drvene-konstrukcije\/kostani-sustavi\/\" class=\"subcat-item\">\n                <div>\n                    <div class=\"image\">\n                      <img decoding=\"async\" src=\"https:\/\/www.ciprodukt.si\/wp-content\/uploads\/2024\/05\/336738859_1520583218474032_4646903864746763701_n.jpg\">\n                      <div class=\"svg\"><svg xmlns=\"http:\/\/www.w3.org\/2000\/svg\" width=\"33\" height=\"33\" viewBox=\"0 0 33 33\"><g id=\"Group_39\" data-name=\"Group 39\" transform=\"translate(-1.5 -1.5)\"><path id=\"Path_493\" data-name=\"Path 493\" d=\"M33,18A15,15,0,1,1,18,3,15,15,0,0,1,33,18Z\" fill=\"none\" stroke=\"#fff\" stroke-linecap=\"round\" stroke-linejoin=\"round\" stroke-width=\"3\"\/><path id=\"Path_494\" data-name=\"Path 494\" d=\"M-303.861-1973.939a1.5,1.5,0,0,1,0-2.121l3.439-3.439H-308.8a1.5,1.5,0,0,1-1.5-1.5,1.5,1.5,0,0,1,1.5-1.5h8.378l-3.439-3.439a1.5,1.5,0,0,1,0-2.121,1.5,1.5,0,0,1,2.121,0l6,6a1.5,1.5,0,0,1,.416,1.325v.006l-.006.03,0,.008-.006.027,0,.01-.006.026,0,.008-.008.028,0,.006-.01.032h0a1.487,1.487,0,0,1-.229.45l-.012.016-.007.009-.019.024,0,0a1.508,1.508,0,0,1-.121.131l-5.982,5.982a1.492,1.492,0,0,1-1.06.439A1.494,1.494,0,0,1-303.861-1973.939Z\" transform=\"translate(320.8 1999)\" fill=\"#fff\"\/><\/g><\/svg><\/div>\n                    <\/div>\n                                        <div class=\"text\">\n                                          <h4>Ko\u0161tani sustavi<\/h4>                      <p><\/p>\n\n\n                    \n                    \n                  \n                    <\/a> \n                                        <\/div>\n                <\/div>\n           \n            <\/div>\n                        <div class=\"subcat-cont\">\n              <a href=\"https:\/\/www.ciprodukt.si\/hr\/drvene-konstrukcije\/clt-konstrukcije\/\" class=\"subcat-item\">\n                <div>\n                    <div class=\"image\">\n                      <img decoding=\"async\" src=\"https:\/\/www.ciprodukt.si\/wp-content\/themes\/ns_template\/assets\/images\/no-image.png\">\n                      <div class=\"svg\"><svg xmlns=\"http:\/\/www.w3.org\/2000\/svg\" width=\"33\" height=\"33\" viewBox=\"0 0 33 33\"><g id=\"Group_39\" data-name=\"Group 39\" transform=\"translate(-1.5 -1.5)\"><path id=\"Path_493\" data-name=\"Path 493\" d=\"M33,18A15,15,0,1,1,18,3,15,15,0,0,1,33,18Z\" fill=\"none\" stroke=\"#fff\" stroke-linecap=\"round\" stroke-linejoin=\"round\" stroke-width=\"3\"\/><path id=\"Path_494\" data-name=\"Path 494\" d=\"M-303.861-1973.939a1.5,1.5,0,0,1,0-2.121l3.439-3.439H-308.8a1.5,1.5,0,0,1-1.5-1.5,1.5,1.5,0,0,1,1.5-1.5h8.378l-3.439-3.439a1.5,1.5,0,0,1,0-2.121,1.5,1.5,0,0,1,2.121,0l6,6a1.5,1.5,0,0,1,.416,1.325v.006l-.006.03,0,.008-.006.027,0,.01-.006.026,0,.008-.008.028,0,.006-.01.032h0a1.487,1.487,0,0,1-.229.45l-.012.016-.007.009-.019.024,0,0a1.508,1.508,0,0,1-.121.131l-5.982,5.982a1.492,1.492,0,0,1-1.06.439A1.494,1.494,0,0,1-303.861-1973.939Z\" transform=\"translate(320.8 1999)\" fill=\"#fff\"\/><\/g><\/svg><\/div>\n                    <\/div>\n                                        <div class=\"text\">\n                                          <h4>CLT konstrukcije<\/h4>                      <p><\/p>\n\n\n                    \n                    \n                  \n                    <\/a> \n                                        <\/div>\n                <\/div>\n           \n            <\/div>\n                        <div class=\"subcat-cont\">\n              <a href=\"https:\/\/www.ciprodukt.si\/hr\/drvene-konstrukcije\/cvrste-drvene-konstrukcije\/\" class=\"subcat-item\">\n                <div>\n                    <div class=\"image\">\n                      <img decoding=\"async\" src=\"https:\/\/www.ciprodukt.si\/wp-content\/uploads\/2024\/05\/33869298_1626897887359263_5440482528936853504_o.jpg\">\n                      <div class=\"svg\"><svg xmlns=\"http:\/\/www.w3.org\/2000\/svg\" width=\"33\" height=\"33\" viewBox=\"0 0 33 33\"><g id=\"Group_39\" data-name=\"Group 39\" transform=\"translate(-1.5 -1.5)\"><path id=\"Path_493\" data-name=\"Path 493\" d=\"M33,18A15,15,0,1,1,18,3,15,15,0,0,1,33,18Z\" fill=\"none\" stroke=\"#fff\" stroke-linecap=\"round\" stroke-linejoin=\"round\" stroke-width=\"3\"\/><path id=\"Path_494\" data-name=\"Path 494\" d=\"M-303.861-1973.939a1.5,1.5,0,0,1,0-2.121l3.439-3.439H-308.8a1.5,1.5,0,0,1-1.5-1.5,1.5,1.5,0,0,1,1.5-1.5h8.378l-3.439-3.439a1.5,1.5,0,0,1,0-2.121,1.5,1.5,0,0,1,2.121,0l6,6a1.5,1.5,0,0,1,.416,1.325v.006l-.006.03,0,.008-.006.027,0,.01-.006.026,0,.008-.008.028,0,.006-.01.032h0a1.487,1.487,0,0,1-.229.45l-.012.016-.007.009-.019.024,0,0a1.508,1.508,0,0,1-.121.131l-5.982,5.982a1.492,1.492,0,0,1-1.06.439A1.494,1.494,0,0,1-303.861-1973.939Z\" transform=\"translate(320.8 1999)\" fill=\"#fff\"\/><\/g><\/svg><\/div>\n                    <\/div>\n                                        <div class=\"text\">\n                                          <h4>\u010cvrste drvene konstrukcije<\/h4>                      <p><\/p>\n\n\n                    \n                    \n                  \n                    <\/a> \n                                        <\/div>\n                <\/div>\n           \n            <\/div>\n                    <\/div>\n        \n\n\n\n                \n        \n    \n        [vc_empty_space][\/vc_column][\/vc_row][vc_row full_width=&#8221;stretch_row&#8221; gap=&#8221;30&#8243; el_class=&#8221;sp-row sp-row-gray&#8221;][vc_column][vc_row_inner][vc_column_inner width=&#8221;1\/2&#8243;][vc_column_text]<\/p>\n<h3>Gra\u0111evinski sustavi:<\/h3>\n<ul>\n<li>Drvene zidne plo\u010de za monta\u017ene ku\u0107e i ve\u0107e zgrade s ugra\u0111enom toplinskom izolacijom<\/li>\n<li>Drvene stropne plo\u010de za monta\u017ene ku\u0107e i ve\u0107e zgrade s ugra\u0111enom toplinskom izolacijom<\/li>\n<li>Drveni krovni paneli za monta\u017ene ku\u0107e, klasi\u010dno gra\u0111ene zgrade i ve\u0107e zgrade s ugra\u0111enom toplinskom izolacijom, sekundarnim krovovima i letvicama<\/li>\n<li>Drvene konstrukcije od lijepljenog drveta za sportske dvorane, proizvodne hale, skladi\u0161ta, mostove,&#8230;.<\/li>\n<li>Drvene krovne konstrukcije od lijepljenih drvenih nosa\u010da ve\u0107ih raspona<br \/>\nKlasi\u010dne drvene krovne konstrukcije<\/li>\n<li>Drvene skeletne konstrukcije za monta\u017ene ku\u0107e i ve\u0107e gra\u0111evine u KIT izvedbi<\/li>\n<li>Konstrukcije od punog drveta izra\u0111ene od CLT plo\u010da za monta\u017ene ku\u0107e i ve\u0107e objekte u KIT verziji<\/li>\n<li>Drvene fasadne plo\u010de od termo smreke\/bora i sibirskog ili planinskog ari\u0161a<\/li>\n<li>Drveni monta\u017eni moduli za izgradnju stambenih, smje\u0161tajnih, turisti\u010dkih i drugih objekata<\/li>\n<\/ul>\n<p>[\/vc_column_text][\/vc_column_inner][vc_column_inner width=&#8221;1\/2&#8243;][vc_column_text]<\/p>\n<h3>Materijala:<\/h3>\n<ul>\n<li>Lamelirano lamelirano drvo za konstrukcije \u2013 BSH (gl24,28,32)<\/li>\n<li>Uzdu\u017eno lijepljeno drvo za konstrukcije \u2013 KVH (c24)<\/li>\n<li>Kri\u017eno lamelirano drvo za konstrukcije \u2013 CLT, XLAM<\/li>\n<li>Kri\u017eno lamelirano drvo za namje\u0161taj i obloge \u2013 3s plo\u010de<\/li>\n<li>Masivna piljena gra\u0111a \u2013 S10<\/li>\n<li>OSB gra\u0111evinske plo\u010de<\/li>\n<li>DHF sekundarni krovni paneli<\/li>\n<li>Izolacijske plo\u010de od drvenih vlakana<\/li>\n<li>Toplinska izolacija od celuloze<\/li>\n<\/ul>\n<p>[\/vc_column_text][\/vc_column_inner][\/vc_row_inner][\/vc_column][\/vc_row]<\/p>\n<\/div>","protected":false},"excerpt":{"rendered":"<p>[vc_row full_width=&#8221;stretch_row_content_no_spaces&#8221; el_class=&#8221;sp-page-title&#8221;][vc_column][\/vc_column][\/vc_row][vc_row full_width=&#8221;stretch_row&#8221; gap=&#8221;30&#8243; el_class=&#8221;sp-row&#8221;][vc_column][vc_empty_space][\/vc_column][\/vc_row][vc_row full_width=&#8221;stretch_row&#8221; gap=&#8221;30&#8243; el_class=&#8221;sp-row sp-row-gray&#8221;][vc_column][vc_row_inner][vc_column_inner width=&#8221;1\/2&#8243;][vc_column_text] Gra\u0111evinski sustavi: Drvene zidne plo\u010de za monta\u017ene ku\u0107e i ve\u0107e zgrade s ugra\u0111enom toplinskom izolacijom Drvene stropne plo\u010de za monta\u017ene ku\u0107e i ve\u0107e zgrade s ugra\u0111enom toplinskom izolacijom Drveni krovni paneli za monta\u017ene ku\u0107e, klasi\u010dno gra\u0111ene zgrade i ve\u0107e zgrade s ugra\u0111enom toplinskom izolacijom, sekundarnim krovovima i letvicama Drvene konstrukcije od lijepljenog drveta za sportske dvorane, proizvodne hale, skladi\u0161ta, mostove,&#8230;. Drvene krovne konstrukcije od lijepljenih drvenih nosa\u010da ve\u0107ih raspona Klasi\u010dne drvene krovne konstrukcije Drvene skeletne konstrukcije za monta\u017ene ku\u0107e i ve\u0107e gra\u0111evine u KIT izvedbi Konstrukcije od punog drveta izra\u0111ene od CLT plo\u010da za monta\u017ene ku\u0107e i ve\u0107e objekte u KIT verziji Drvene fasadne plo\u010de od termo smreke\/bora i [&hellip;]<\/p>\n","protected":false},"author":1,"featured_media":0,"parent":0,"menu_order":4,"comment_status":"closed","ping_status":"closed","template":"","meta":{"footnotes":""},"class_list":["post-3217","page","type-page","status-publish","hentry"],"yoast_head":"<!-- This site is optimized with the Yoast SEO plugin v21.3 - https:\/\/yoast.com\/wordpress\/plugins\/seo\/ -->\n<title>Drvene konstrukcije - CI Produkt<\/title>\n<meta name=\"description\" content=\"Gra\u0111evinski sustavi: Drvene zidne plo\u010de za monta\u017ene ku\u0107e i ve\u0107e zgrade s ugra\u0111enom toplinskom izolacijom Drvene stropne plo\u010de za monta\u017ene ku\u0107e i ve\u0107e zgrade s ugra\u0111enom toplinskom izolacijom Drveni krovni\" \/>\n<meta name=\"robots\" content=\"index, follow, max-snippet:-1, max-image-preview:large, max-video-preview:-1\" \/>\n<link rel=\"canonical\" href=\"https:\/\/www.ciprodukt.si\/hr\/drvene-konstrukcije\/\" \/>\n<meta property=\"og:locale\" content=\"hr_HR\" \/>\n<meta property=\"og:type\" content=\"article\" \/>\n<meta property=\"og:title\" content=\"Drvene konstrukcije - CI Produkt\" \/>\n<meta property=\"og:description\" content=\"[vc_row full_width=&#8221;stretch_row_content_no_spaces&#8221; el_class=&#8221;sp-page-title&#8221;][vc_column][\/vc_column][\/vc_row][vc_row full_width=&#8221;stretch_row&#8221; gap=&#8221;30&#8243; el_class=&#8221;sp-row&#8221;][vc_column][vc_empty_space][\/vc_column][\/vc_row][vc_row full_width=&#8221;stretch_row&#8221; gap=&#8221;30&#8243; el_class=&#8221;sp-row sp-row-gray&#8221;][vc_column][vc_row_inner][vc_column_inner width=&#8221;1\/2&#8243;][vc_column_text] Gra\u0111evinski sustavi: Drvene zidne plo\u010de za monta\u017ene ku\u0107e i ve\u0107e zgrade s ugra\u0111enom toplinskom izolacijom Drvene stropne plo\u010de za monta\u017ene ku\u0107e i ve\u0107e zgrade s ugra\u0111enom toplinskom izolacijom Drveni krovni paneli za monta\u017ene ku\u0107e, klasi\u010dno gra\u0111ene zgrade i ve\u0107e zgrade s ugra\u0111enom toplinskom izolacijom, sekundarnim krovovima i letvicama Drvene konstrukcije od lijepljenog drveta za sportske dvorane, proizvodne hale, skladi\u0161ta, mostove,&#8230;. Drvene krovne konstrukcije od lijepljenih drvenih nosa\u010da ve\u0107ih raspona Klasi\u010dne drvene krovne konstrukcije Drvene skeletne konstrukcije za monta\u017ene ku\u0107e i ve\u0107e gra\u0111evine u KIT izvedbi Konstrukcije od punog drveta izra\u0111ene od CLT plo\u010da za monta\u017ene ku\u0107e i ve\u0107e objekte u KIT verziji Drvene fasadne plo\u010de od termo smreke\/bora i [&hellip;]\" \/>\n<meta property=\"og:url\" content=\"https:\/\/www.ciprodukt.si\/hr\/drvene-konstrukcije\/\" \/>\n<meta property=\"og:site_name\" content=\"CI Produkt\" \/>\n<meta name=\"twitter:card\" content=\"summary_large_image\" \/>\n<meta name=\"twitter:label1\" content=\"Procijenjeno vrijeme \u010ditanja\" \/>\n\t<meta name=\"twitter:data1\" content=\"2 minute\" \/>\n<script type=\"application\/ld+json\" class=\"yoast-schema-graph\">{\"@context\":\"https:\/\/schema.org\",\"@graph\":[{\"@type\":\"WebPage\",\"@id\":\"https:\/\/www.ciprodukt.si\/hr\/drvene-konstrukcije\/\",\"url\":\"https:\/\/www.ciprodukt.si\/hr\/drvene-konstrukcije\/\",\"name\":\"Drvene konstrukcije - CI Produkt\",\"isPartOf\":{\"@id\":\"https:\/\/www.ciprodukt.si\/#website\"},\"datePublished\":\"2025-06-16T07:50:40+00:00\",\"dateModified\":\"2025-06-16T07:50:40+00:00\",\"breadcrumb\":{\"@id\":\"https:\/\/www.ciprodukt.si\/hr\/drvene-konstrukcije\/#breadcrumb\"},\"inLanguage\":\"hr\",\"potentialAction\":[{\"@type\":\"ReadAction\",\"target\":[\"https:\/\/www.ciprodukt.si\/hr\/drvene-konstrukcije\/\"]}]},{\"@type\":\"BreadcrumbList\",\"@id\":\"https:\/\/www.ciprodukt.si\/hr\/drvene-konstrukcije\/#breadcrumb\",\"itemListElement\":[{\"@type\":\"ListItem\",\"position\":1,\"name\":\"Home\",\"item\":\"https:\/\/www.ciprodukt.si\/hr\/\"},{\"@type\":\"ListItem\",\"position\":2,\"name\":\"Drvene konstrukcije\"}]},{\"@type\":\"WebSite\",\"@id\":\"https:\/\/www.ciprodukt.si\/#website\",\"url\":\"https:\/\/www.ciprodukt.si\/\",\"name\":\"CI Produkt\",\"description\":\"\",\"potentialAction\":[{\"@type\":\"SearchAction\",\"target\":{\"@type\":\"EntryPoint\",\"urlTemplate\":\"https:\/\/www.ciprodukt.si\/?s={search_term_string}\"},\"query-input\":\"required name=search_term_string\"}],\"inLanguage\":\"hr\"}]}<\/script>\n<!-- \/ Yoast SEO plugin. -->","yoast_head_json":{"title":"Drvene konstrukcije - CI Produkt","description":"Gra\u0111evinski sustavi: Drvene zidne plo\u010de za monta\u017ene ku\u0107e i ve\u0107e zgrade s ugra\u0111enom toplinskom izolacijom Drvene stropne plo\u010de za monta\u017ene ku\u0107e i ve\u0107e zgrade s ugra\u0111enom toplinskom izolacijom Drveni krovni","robots":{"index":"index","follow":"follow","max-snippet":"max-snippet:-1","max-image-preview":"max-image-preview:large","max-video-preview":"max-video-preview:-1"},"canonical":"https:\/\/www.ciprodukt.si\/hr\/drvene-konstrukcije\/","og_locale":"hr_HR","og_type":"article","og_title":"Drvene konstrukcije - CI Produkt","og_description":"[vc_row full_width=&#8221;stretch_row_content_no_spaces&#8221; el_class=&#8221;sp-page-title&#8221;][vc_column][\/vc_column][\/vc_row][vc_row full_width=&#8221;stretch_row&#8221; gap=&#8221;30&#8243; el_class=&#8221;sp-row&#8221;][vc_column][vc_empty_space][\/vc_column][\/vc_row][vc_row full_width=&#8221;stretch_row&#8221; gap=&#8221;30&#8243; el_class=&#8221;sp-row sp-row-gray&#8221;][vc_column][vc_row_inner][vc_column_inner width=&#8221;1\/2&#8243;][vc_column_text] Gra\u0111evinski sustavi: Drvene zidne plo\u010de za monta\u017ene ku\u0107e i ve\u0107e zgrade s ugra\u0111enom toplinskom izolacijom Drvene stropne plo\u010de za monta\u017ene ku\u0107e i ve\u0107e zgrade s ugra\u0111enom toplinskom izolacijom Drveni krovni paneli za monta\u017ene ku\u0107e, klasi\u010dno gra\u0111ene zgrade i ve\u0107e zgrade s ugra\u0111enom toplinskom izolacijom, sekundarnim krovovima i letvicama Drvene konstrukcije od lijepljenog drveta za sportske dvorane, proizvodne hale, skladi\u0161ta, mostove,&#8230;. Drvene krovne konstrukcije od lijepljenih drvenih nosa\u010da ve\u0107ih raspona Klasi\u010dne drvene krovne konstrukcije Drvene skeletne konstrukcije za monta\u017ene ku\u0107e i ve\u0107e gra\u0111evine u KIT izvedbi Konstrukcije od punog drveta izra\u0111ene od CLT plo\u010da za monta\u017ene ku\u0107e i ve\u0107e objekte u KIT verziji Drvene fasadne plo\u010de od termo smreke\/bora i [&hellip;]","og_url":"https:\/\/www.ciprodukt.si\/hr\/drvene-konstrukcije\/","og_site_name":"CI Produkt","twitter_card":"summary_large_image","twitter_misc":{"Procijenjeno vrijeme \u010ditanja":"2 minute"},"schema":{"@context":"https:\/\/schema.org","@graph":[{"@type":"WebPage","@id":"https:\/\/www.ciprodukt.si\/hr\/drvene-konstrukcije\/","url":"https:\/\/www.ciprodukt.si\/hr\/drvene-konstrukcije\/","name":"Drvene konstrukcije - CI Produkt","isPartOf":{"@id":"https:\/\/www.ciprodukt.si\/#website"},"datePublished":"2025-06-16T07:50:40+00:00","dateModified":"2025-06-16T07:50:40+00:00","breadcrumb":{"@id":"https:\/\/www.ciprodukt.si\/hr\/drvene-konstrukcije\/#breadcrumb"},"inLanguage":"hr","potentialAction":[{"@type":"ReadAction","target":["https:\/\/www.ciprodukt.si\/hr\/drvene-konstrukcije\/"]}]},{"@type":"BreadcrumbList","@id":"https:\/\/www.ciprodukt.si\/hr\/drvene-konstrukcije\/#breadcrumb","itemListElement":[{"@type":"ListItem","position":1,"name":"Home","item":"https:\/\/www.ciprodukt.si\/hr\/"},{"@type":"ListItem","position":2,"name":"Drvene konstrukcije"}]},{"@type":"WebSite","@id":"https:\/\/www.ciprodukt.si\/#website","url":"https:\/\/www.ciprodukt.si\/","name":"CI Produkt","description":"","potentialAction":[{"@type":"SearchAction","target":{"@type":"EntryPoint","urlTemplate":"https:\/\/www.ciprodukt.si\/?s={search_term_string}"},"query-input":"required name=search_term_string"}],"inLanguage":"hr"}]}},"_links":{"self":[{"href":"https:\/\/www.ciprodukt.si\/hr\/wp-json\/wp\/v2\/pages\/3217","targetHints":{"allow":["GET"]}}],"collection":[{"href":"https:\/\/www.ciprodukt.si\/hr\/wp-json\/wp\/v2\/pages"}],"about":[{"href":"https:\/\/www.ciprodukt.si\/hr\/wp-json\/wp\/v2\/types\/page"}],"author":[{"embeddable":true,"href":"https:\/\/www.ciprodukt.si\/hr\/wp-json\/wp\/v2\/users\/1"}],"replies":[{"embeddable":true,"href":"https:\/\/www.ciprodukt.si\/hr\/wp-json\/wp\/v2\/comments?post=3217"}],"version-history":[{"count":1,"href":"https:\/\/www.ciprodukt.si\/hr\/wp-json\/wp\/v2\/pages\/3217\/revisions"}],"predecessor-version":[{"id":3218,"href":"https:\/\/www.ciprodukt.si\/hr\/wp-json\/wp\/v2\/pages\/3217\/revisions\/3218"}],"wp:attachment":[{"href":"https:\/\/www.ciprodukt.si\/hr\/wp-json\/wp\/v2\/media?parent=3217"}],"curies":[{"name":"wp","href":"https:\/\/api.w.org\/{rel}","templated":true}]}}