{"id":3243,"date":"2025-06-16T08:54:33","date_gmt":"2025-06-16T07:54:33","guid":{"rendered":"https:\/\/www.ciprodukt.si\/nagradna-igra-2\/"},"modified":"2025-06-16T08:54:33","modified_gmt":"2025-06-16T07:54:33","slug":"nagradna-igra","status":"publish","type":"page","link":"https:\/\/www.ciprodukt.si\/hr\/nagradna-igra\/","title":{"rendered":"Nagradna igra"},"content":{"rendered":"<div class=\"wpb-content-wrapper\"><p>[vc_row full_width=&#8221;stretch_row_content_no_spaces&#8221; el_class=&#8221;sp-page-title&#8221;][vc_column]\t\t\n\t\t<div class=\"title-banner-bg\" style=\"background-image: linear-gradient(rgba(0, 0, 0, 0.0),rgba(0, 0, 0, 0.0)),url(https:\/\/www.ciprodukt.si\/wp-content\/uploads\/2024\/10\/bg-nagradna.jpg);\">\n\t\t<div class=\"title-banner-bg-mobile-shadow\"><\/div>\n\t\t<\/div>\n\t\t\t\t\n\t\t<div class=\"title-banner\">\n\t\t\t<div class=\"container\">\n\t\t\t\t<div class=\"breadcrumbs-container\">\n\t\t\t\t\t\t<div class=\"breadcrumbs\">\n\t\t\t\t\t\t\t\n\t<ul class=\"ns-breadcrumbs\">\n\t\t\t<li><a href=\"https:\/\/www.ciprodukt.si\/hr\/\">Dom<\/a><\/li>\n\t\t\t\t<li>Nagradna igra<\/li>\n\t<\/ul>\n\t\n\t\t\t\t\t\t\t\t<div class=\"clearfix\"><\/div>\n\t\t\t\t\t\t<\/div>\n\t\t\t\t<\/div>\n\t\t\t\t\t\t\t\t\t<h1 class=\"entry-title\">Nagradna igra<\/h1>\n\t\t\t\t\t\t\t\t\t\t\t\t\t<p>Sudjelujte u nagradnoj igri i natje\u010dite se za lijepu nagradu: DOSTAVA i CNC rezanje drvenih konstrukcija po \u017eelji, u koli\u010dini do 1,5 m\u00b3 lijepljenog drva smreke (preuzimanje na lokaciji Moste - Komenda).<\/p>\n\t\t\t<\/div>\n\t\t<\/div>\n\n\t\t[\/vc_column][\/vc_row][vc_row][vc_column][vc_column_text]<\/p>\n<h5 style=\"text-align: center\">Nagradna igra po\u010dinje u petak, 4.10.2024. u 8:00 sati, a zavr\u0161ava u ponedjeljak, 7.10.2024. u 16:00 sati.<\/h5>\n<p>[\/vc_column_text][vc_column_text]<\/p>\n<h4 style=\"text-align: center\">Nagrada je isporuka i CNC rezanje drvene konstrukcije po \u017eelji, u koli\u010dini do 1,5 m\u00b3 lijepljenog smrekovog drva.<\/h4>\n<p style=\"text-align: center\">(fca. Moste-Komenda)<\/p>\n<p style=\"text-align: center\"><strong>Sretni dobitnik je: Klavdija Ko\u017eelj. Iskrene \u010destitke!<\/strong><\/p>\n<p>[\/vc_column_text][\/vc_column][\/vc_row][vc_row el_class=&#8221;sp-row sp-row-nagradna-igra&#8221;][vc_column width=&#8221;1\/2&#8243;][vc_column_text]<\/p>\n<h2>Kako sudjelovati?<\/h2>\n<p>[\/vc_column_text][vc_column_text el_class=&#8221;blur-suc&#8221;]<\/p>\n<ul>\n<li><strong>1. Po\u0161aljite svoju adresu e-po\u0161te<\/strong><\/li>\n<\/ul>\n<p>[\/vc_column_text]\n\t\t<script type=\"text\/javascript\">\n\t\t\tjQuery(document).ready(function () {\n\t\t\t\tjQuery(document).on('submit', '#newsletter_subscribe_form', function () {\n\t\t\t\t\t\/\/ Check if email is valid\n\t\t\t\t\tvar email = jQuery('input[name=\"subscriber_email\"]').val();\n\t\t\t\t\tif (!isValidEmail(email)) {\n\t\t\t\t\t\tdisplayErrorMessage('Prosimo, vnesite veljaven e-po\u0161tni naslov.');\n\t\t\t\t\t\treturn false; \/\/ Prevent form submission\n\t\t\t\t\t}\n\n\t\t\t\t\t\/\/ Check if the checkbox is checked\n\t\t\t\t\tif (!jQuery('#agree_checkbox').prop('checked')) {\n\t\t\t\t\t\tdisplayErrorMessage('Ozna\u010dite, da se strinjate s splo\u0161nimi pogoji nagradne igre.');\n\t\t\t\t\t\treturn false; \/\/ Prevent form submission\n\t\t\t\t\t}\n\n\t\t\t\t\t\/\/ Clear any previous error messages\n\t\t\t\t\tclearErrorMessage();\n\n\t\t\t\t\tvar data = jQuery(this).serialize();\n\t\t\t\t\tjQuery.ajax({\n\t\t\t\t\t\ttype: 'POST',\n\t\t\t\t\t\turl: 'https:\/\/www.ciprodukt.si\/wp-content\/themes\/ns_template\/vc\/elements\/ns_vc_newsletter\/add_subscriber.php',\n\t\t\t\t\t\tdata: data,\n\t\t\t\t\t\tsuccess: function (data) {\n\t\t\t\t\t\t\tjQuery(\"#newsletter_status\").html(data);\n\t\t\t\t\t\t}\n\t\t\t\t\t});\n\n\t\t\t\t\treturn false; \/\/ Prevent the form from submitting in the traditional way\n\t\t\t\t});\n\n\t\t\t\t\/\/ Email validation function\n\t\t\t\tfunction isValidEmail(email) {\n\t\t\t\t\tvar emailRegex = \/^[^\\s@]+@[^\\s@]+\\.[^\\s@]+$\/;\n\t\t\t\t\treturn emailRegex.test(email);\n\t\t\t\t}\n\n\t\t\t\t\/\/ Function to display error message\n\t\t\t\tfunction displayErrorMessage(message) {\n\t\t\t\t\tjQuery(\"#error_message\").text(message);\n\t\t\t\t}\n\n\t\t\t\t\/\/ Function to clear error message\n\t\t\t\tfunction clearErrorMessage() {\n\t\t\t\t\tjQuery(\"#error_message\").text(\"\");\n\t\t\t\t}\n\t\t\t});\n\t\t<\/script>\n\n\t\t<div class=\"newsletter-container\">\n\t\t\t<form id=\"newsletter_subscribe_form\" class=\"\" method=\"post\">\n\t\t\t\t<input type=\"text\" placeholder=\"Va\u0161 e-naslov\" name=\"subscriber_email\" class=\"nl-input\">\n\t\t\t\t\n\n\n\t\t\t\t<button type=\"submit\" class=\"btn btn-primary btn-md btn1\">PO\u0160LJI<\/button>\n\n\t\t\t\t<!-- Add checkbox for agreeing to receive emails -->\n\t\t\t\t<label>\n\t\t\t\t\t<input type=\"checkbox\" id=\"agree_checkbox\"> Strinjam se s <a target=\"_blank\" href=\"https:\/\/www.ciprodukt.si\/nagradna-igra\/splosni-pogoji\/\">splo\u0161nimi pogoji<\/a>.\t\t\t\t<\/label>\n\n\t\t\t\t<!-- Error message container -->\n\t\t\t\t<div id=\"error_message\" style=\"color: red;\"><\/div>\n\n\t\t\t<\/form>\n\t\t\t<div class=\"newsletter-status\" id=\"newsletter_status\"><\/div>\n\t\t<\/div>\n\n\t\t[vc_empty_space height=&#8221;15px&#8221;][vc_column_text el_class=&#8221;underline-animate&#8221;]<\/p>\n<ul>\n<li><strong>2. Lajkajte na\u0161u <a href=\"https:\/\/www.facebook.com\/Ciprodukt\/\" target=\"_blank\" rel=\"noopener\">Facebook stranicu<\/a><\/strong><\/li>\n<\/ul>\n<p>[\/vc_column_text][vc_empty_space height=&#8221;15px&#8221;][\/vc_column][vc_column width=&#8221;1\/2&#8243;][vc_single_image image=&#8221;1043&#8243;][\/vc_column][\/vc_row][vc_row full_width=&#8221;stretch_row&#8221; gap=&#8221;30&#8243; el_class=&#8221;sp-row sp-row-gray&#8221;][vc_column width=&#8221;1\/2&#8243;][vc_single_image image=&#8221;600&#8243;][\/vc_column][vc_column width=&#8221;1\/2&#8243;][vc_column_text]<\/p>\n<h2>Tvrtka Ci proizvod:<\/h2>\n<p>Specijalizirani smo za razne usluge iz podru\u010dja drvene gradnje, me\u0111u kojima su:<\/p>\n<ul>\n<li><strong>Drvene ku\u0107e po sistemu &#8220;klju\u010d u ruke&#8221; ili &#8220;klju\u010d u ruke&#8221;.<\/strong>\u00a0Na\u0161im kupcima nudimo sveobuhvatna rje\u0161enja, od dizajna do kona\u010dne implementacije.<\/li>\n<li><strong>Ve\u0107e drvene gra\u0111evine<\/strong>, kao \u0161to su gospodarske zgrade, poslovni prostori, sportske dvorane, mostovi, javne zgrade&#8230; Na\u0161i se projekti isti\u010du svojom kvalitetom i odr\u017eivo\u0161\u0107u.<\/li>\n<li><strong>Izgradnja gra\u0111evina.<\/strong>\u00a0Nudimo preciznu izradu konstrukcija, koje su klju\u010dne za brzu i kvalitetnu ugradnju.<\/li>\n<li><strong>Rezanje drva i opskrba materijalom.<\/strong>\u00a0Suvremenom opremom vr\u0161imo rezanje drva po narud\u017ebi i osiguravamo visokokvalitetne drvene materijale za razne gra\u0111evinske projekte.<\/li>\n<\/ul>\n<p>[\/vc_column_text][\/vc_column][\/vc_row]<\/p>\n<\/div>","protected":false},"excerpt":{"rendered":"<p>[vc_row full_width=&#8221;stretch_row_content_no_spaces&#8221; el_class=&#8221;sp-page-title&#8221;][vc_column][\/vc_column][\/vc_row][vc_row][vc_column][vc_column_text] Nagradna igra po\u010dinje u petak, 4.10.2024. u 8:00 sati, a zavr\u0161ava u ponedjeljak, 7.10.2024. u 16:00 sati. [\/vc_column_text][vc_column_text] Nagrada je isporuka i CNC rezanje drvene konstrukcije po \u017eelji, u koli\u010dini do 1,5 m\u00b3 lijepljenog smrekovog drva. (fca. Moste-Komenda) Sretni dobitnik je: Klavdija Ko\u017eelj. Iskrene \u010destitke! [\/vc_column_text][\/vc_column][\/vc_row][vc_row el_class=&#8221;sp-row sp-row-nagradna-igra&#8221;][vc_column width=&#8221;1\/2&#8243;][vc_column_text] Kako sudjelovati? [\/vc_column_text][vc_column_text el_class=&#8221;blur-suc&#8221;] 1. Po\u0161aljite svoju adresu e-po\u0161te [\/vc_column_text][vc_empty_space height=&#8221;15px&#8221;][vc_column_text el_class=&#8221;underline-animate&#8221;] 2. Lajkajte na\u0161u Facebook stranicu [\/vc_column_text][vc_empty_space height=&#8221;15px&#8221;][\/vc_column][vc_column width=&#8221;1\/2&#8243;][vc_single_image image=&#8221;1043&#8243;][\/vc_column][\/vc_row][vc_row full_width=&#8221;stretch_row&#8221; gap=&#8221;30&#8243; el_class=&#8221;sp-row sp-row-gray&#8221;][vc_column width=&#8221;1\/2&#8243;][vc_single_image image=&#8221;600&#8243;][\/vc_column][vc_column width=&#8221;1\/2&#8243;][vc_column_text] Tvrtka Ci proizvod: Specijalizirani smo za razne usluge iz podru\u010dja drvene gradnje, me\u0111u kojima su: Drvene ku\u0107e po sistemu &#8220;klju\u010d u ruke&#8221; ili &#8220;klju\u010d u ruke&#8221;.\u00a0Na\u0161im kupcima nudimo sveobuhvatna rje\u0161enja, od dizajna do kona\u010dne implementacije. Ve\u0107e drvene gra\u0111evine, kao \u0161to [&hellip;]<\/p>\n","protected":false},"author":1,"featured_media":0,"parent":0,"menu_order":5,"comment_status":"closed","ping_status":"closed","template":"","meta":{"footnotes":""},"class_list":["post-3243","page","type-page","status-publish","hentry"],"yoast_head":"<!-- This site is optimized with the Yoast SEO plugin v21.3 - https:\/\/yoast.com\/wordpress\/plugins\/seo\/ -->\n<title>Nagradna igra - CI Produkt<\/title>\n<meta name=\"description\" content=\"Nagradna igra po\u010dinje u petak, 4.10.2024. u 8:00 sati, a zavr\u0161ava u ponedjeljak, 7.10.2024. u 16:00 sati. Nagrada je isporuka i CNC rezanje drvene konstrukcije po \u017eelji, u koli\u010dini do\" \/>\n<meta name=\"robots\" content=\"index, follow, max-snippet:-1, max-image-preview:large, max-video-preview:-1\" \/>\n<link rel=\"canonical\" href=\"https:\/\/www.ciprodukt.si\/nagradna-igra\/\" \/>\n<meta property=\"og:locale\" content=\"hr_HR\" \/>\n<meta property=\"og:type\" content=\"article\" \/>\n<meta property=\"og:title\" content=\"Nagradna igra - CI Produkt\" \/>\n<meta property=\"og:description\" content=\"[vc_row full_width=&#8221;stretch_row_content_no_spaces&#8221; el_class=&#8221;sp-page-title&#8221;][vc_column][\/vc_column][\/vc_row][vc_row][vc_column][vc_column_text] Nagradna igra po\u010dinje u petak, 4.10.2024. u 8:00 sati, a zavr\u0161ava u ponedjeljak, 7.10.2024. u 16:00 sati. [\/vc_column_text][vc_column_text] Nagrada je isporuka i CNC rezanje drvene konstrukcije po \u017eelji, u koli\u010dini do 1,5 m\u00b3 lijepljenog smrekovog drva. (fca. Moste-Komenda) Sretni dobitnik je: Klavdija Ko\u017eelj. Iskrene \u010destitke! [\/vc_column_text][\/vc_column][\/vc_row][vc_row el_class=&#8221;sp-row sp-row-nagradna-igra&#8221;][vc_column width=&#8221;1\/2&#8243;][vc_column_text] Kako sudjelovati? [\/vc_column_text][vc_column_text el_class=&#8221;blur-suc&#8221;] 1. Po\u0161aljite svoju adresu e-po\u0161te [\/vc_column_text][vc_empty_space height=&#8221;15px&#8221;][vc_column_text el_class=&#8221;underline-animate&#8221;] 2. Lajkajte na\u0161u Facebook stranicu [\/vc_column_text][vc_empty_space height=&#8221;15px&#8221;][\/vc_column][vc_column width=&#8221;1\/2&#8243;][vc_single_image image=&#8221;1043&#8243;][\/vc_column][\/vc_row][vc_row full_width=&#8221;stretch_row&#8221; gap=&#8221;30&#8243; el_class=&#8221;sp-row sp-row-gray&#8221;][vc_column width=&#8221;1\/2&#8243;][vc_single_image image=&#8221;600&#8243;][\/vc_column][vc_column width=&#8221;1\/2&#8243;][vc_column_text] Tvrtka Ci proizvod: Specijalizirani smo za razne usluge iz podru\u010dja drvene gradnje, me\u0111u kojima su: Drvene ku\u0107e po sistemu &#8220;klju\u010d u ruke&#8221; ili &#8220;klju\u010d u ruke&#8221;.\u00a0Na\u0161im kupcima nudimo sveobuhvatna rje\u0161enja, od dizajna do kona\u010dne implementacije. Ve\u0107e drvene gra\u0111evine, kao \u0161to [&hellip;]\" \/>\n<meta property=\"og:url\" content=\"https:\/\/www.ciprodukt.si\/nagradna-igra\/\" \/>\n<meta property=\"og:site_name\" content=\"CI Produkt\" \/>\n<meta name=\"twitter:card\" content=\"summary_large_image\" \/>\n<meta name=\"twitter:label1\" content=\"Procijenjeno vrijeme \u010ditanja\" \/>\n\t<meta name=\"twitter:data1\" content=\"2 minute\" \/>\n<script type=\"application\/ld+json\" class=\"yoast-schema-graph\">{\"@context\":\"https:\/\/schema.org\",\"@graph\":[{\"@type\":\"WebPage\",\"@id\":\"https:\/\/www.ciprodukt.si\/nagradna-igra\/\",\"url\":\"https:\/\/www.ciprodukt.si\/nagradna-igra\/\",\"name\":\"Nagradna igra - CI Produkt\",\"isPartOf\":{\"@id\":\"https:\/\/www.ciprodukt.si\/#website\"},\"datePublished\":\"2025-06-16T07:54:33+00:00\",\"dateModified\":\"2025-06-16T07:54:33+00:00\",\"breadcrumb\":{\"@id\":\"https:\/\/www.ciprodukt.si\/nagradna-igra\/#breadcrumb\"},\"inLanguage\":\"hr\",\"potentialAction\":[{\"@type\":\"ReadAction\",\"target\":[\"https:\/\/www.ciprodukt.si\/nagradna-igra\/\"]}]},{\"@type\":\"BreadcrumbList\",\"@id\":\"https:\/\/www.ciprodukt.si\/nagradna-igra\/#breadcrumb\",\"itemListElement\":[{\"@type\":\"ListItem\",\"position\":1,\"name\":\"Home\",\"item\":\"https:\/\/www.ciprodukt.si\/hr\/\"},{\"@type\":\"ListItem\",\"position\":2,\"name\":\"Nagradna igra\"}]},{\"@type\":\"WebSite\",\"@id\":\"https:\/\/www.ciprodukt.si\/#website\",\"url\":\"https:\/\/www.ciprodukt.si\/\",\"name\":\"CI Produkt\",\"description\":\"\",\"potentialAction\":[{\"@type\":\"SearchAction\",\"target\":{\"@type\":\"EntryPoint\",\"urlTemplate\":\"https:\/\/www.ciprodukt.si\/?s={search_term_string}\"},\"query-input\":\"required name=search_term_string\"}],\"inLanguage\":\"hr\"}]}<\/script>\n<!-- \/ Yoast SEO plugin. -->","yoast_head_json":{"title":"Nagradna igra - CI Produkt","description":"Nagradna igra po\u010dinje u petak, 4.10.2024. u 8:00 sati, a zavr\u0161ava u ponedjeljak, 7.10.2024. u 16:00 sati. Nagrada je isporuka i CNC rezanje drvene konstrukcije po \u017eelji, u koli\u010dini do","robots":{"index":"index","follow":"follow","max-snippet":"max-snippet:-1","max-image-preview":"max-image-preview:large","max-video-preview":"max-video-preview:-1"},"canonical":"https:\/\/www.ciprodukt.si\/nagradna-igra\/","og_locale":"hr_HR","og_type":"article","og_title":"Nagradna igra - CI Produkt","og_description":"[vc_row full_width=&#8221;stretch_row_content_no_spaces&#8221; el_class=&#8221;sp-page-title&#8221;][vc_column][\/vc_column][\/vc_row][vc_row][vc_column][vc_column_text] Nagradna igra po\u010dinje u petak, 4.10.2024. u 8:00 sati, a zavr\u0161ava u ponedjeljak, 7.10.2024. u 16:00 sati. [\/vc_column_text][vc_column_text] Nagrada je isporuka i CNC rezanje drvene konstrukcije po \u017eelji, u koli\u010dini do 1,5 m\u00b3 lijepljenog smrekovog drva. (fca. Moste-Komenda) Sretni dobitnik je: Klavdija Ko\u017eelj. Iskrene \u010destitke! [\/vc_column_text][\/vc_column][\/vc_row][vc_row el_class=&#8221;sp-row sp-row-nagradna-igra&#8221;][vc_column width=&#8221;1\/2&#8243;][vc_column_text] Kako sudjelovati? [\/vc_column_text][vc_column_text el_class=&#8221;blur-suc&#8221;] 1. Po\u0161aljite svoju adresu e-po\u0161te [\/vc_column_text][vc_empty_space height=&#8221;15px&#8221;][vc_column_text el_class=&#8221;underline-animate&#8221;] 2. Lajkajte na\u0161u Facebook stranicu [\/vc_column_text][vc_empty_space height=&#8221;15px&#8221;][\/vc_column][vc_column width=&#8221;1\/2&#8243;][vc_single_image image=&#8221;1043&#8243;][\/vc_column][\/vc_row][vc_row full_width=&#8221;stretch_row&#8221; gap=&#8221;30&#8243; el_class=&#8221;sp-row sp-row-gray&#8221;][vc_column width=&#8221;1\/2&#8243;][vc_single_image image=&#8221;600&#8243;][\/vc_column][vc_column width=&#8221;1\/2&#8243;][vc_column_text] Tvrtka Ci proizvod: Specijalizirani smo za razne usluge iz podru\u010dja drvene gradnje, me\u0111u kojima su: Drvene ku\u0107e po sistemu &#8220;klju\u010d u ruke&#8221; ili &#8220;klju\u010d u ruke&#8221;.\u00a0Na\u0161im kupcima nudimo sveobuhvatna rje\u0161enja, od dizajna do kona\u010dne implementacije. Ve\u0107e drvene gra\u0111evine, kao \u0161to [&hellip;]","og_url":"https:\/\/www.ciprodukt.si\/nagradna-igra\/","og_site_name":"CI Produkt","twitter_card":"summary_large_image","twitter_misc":{"Procijenjeno vrijeme \u010ditanja":"2 minute"},"schema":{"@context":"https:\/\/schema.org","@graph":[{"@type":"WebPage","@id":"https:\/\/www.ciprodukt.si\/nagradna-igra\/","url":"https:\/\/www.ciprodukt.si\/nagradna-igra\/","name":"Nagradna igra - CI Produkt","isPartOf":{"@id":"https:\/\/www.ciprodukt.si\/#website"},"datePublished":"2025-06-16T07:54:33+00:00","dateModified":"2025-06-16T07:54:33+00:00","breadcrumb":{"@id":"https:\/\/www.ciprodukt.si\/nagradna-igra\/#breadcrumb"},"inLanguage":"hr","potentialAction":[{"@type":"ReadAction","target":["https:\/\/www.ciprodukt.si\/nagradna-igra\/"]}]},{"@type":"BreadcrumbList","@id":"https:\/\/www.ciprodukt.si\/nagradna-igra\/#breadcrumb","itemListElement":[{"@type":"ListItem","position":1,"name":"Home","item":"https:\/\/www.ciprodukt.si\/hr\/"},{"@type":"ListItem","position":2,"name":"Nagradna igra"}]},{"@type":"WebSite","@id":"https:\/\/www.ciprodukt.si\/#website","url":"https:\/\/www.ciprodukt.si\/","name":"CI Produkt","description":"","potentialAction":[{"@type":"SearchAction","target":{"@type":"EntryPoint","urlTemplate":"https:\/\/www.ciprodukt.si\/?s={search_term_string}"},"query-input":"required name=search_term_string"}],"inLanguage":"hr"}]}},"_links":{"self":[{"href":"https:\/\/www.ciprodukt.si\/hr\/wp-json\/wp\/v2\/pages\/3243","targetHints":{"allow":["GET"]}}],"collection":[{"href":"https:\/\/www.ciprodukt.si\/hr\/wp-json\/wp\/v2\/pages"}],"about":[{"href":"https:\/\/www.ciprodukt.si\/hr\/wp-json\/wp\/v2\/types\/page"}],"author":[{"embeddable":true,"href":"https:\/\/www.ciprodukt.si\/hr\/wp-json\/wp\/v2\/users\/1"}],"replies":[{"embeddable":true,"href":"https:\/\/www.ciprodukt.si\/hr\/wp-json\/wp\/v2\/comments?post=3243"}],"version-history":[{"count":1,"href":"https:\/\/www.ciprodukt.si\/hr\/wp-json\/wp\/v2\/pages\/3243\/revisions"}],"predecessor-version":[{"id":3244,"href":"https:\/\/www.ciprodukt.si\/hr\/wp-json\/wp\/v2\/pages\/3243\/revisions\/3244"}],"wp:attachment":[{"href":"https:\/\/www.ciprodukt.si\/hr\/wp-json\/wp\/v2\/media?parent=3243"}],"curies":[{"name":"wp","href":"https:\/\/api.w.org\/{rel}","templated":true}]}}