{"id":3245,"date":"2025-06-16T08:54:40","date_gmt":"2025-06-16T07:54:40","guid":{"rendered":"https:\/\/www.ciprodukt.si\/splosni-pogoji-nagradne-igre\/"},"modified":"2025-06-16T08:54:40","modified_gmt":"2025-06-16T07:54:40","slug":"opci-uvjeti-izvlacenja-nagrada","status":"publish","type":"page","link":"https:\/\/www.ciprodukt.si\/hr\/nagradna-igra\/opci-uvjeti-izvlacenja-nagrada\/","title":{"rendered":"Op\u0107i uvjeti izvla\u010denja nagrada"},"content":{"rendered":"<div class=\"wpb-content-wrapper\"><p>[vc_row full_width=&#8221;stretch_row_content_no_spaces&#8221; el_class=&#8221;sp-page-title&#8221;][vc_column]\t\t\n\t\t<div class=\"title-banner-bg\" style=\"background-image: linear-gradient(rgba(0, 0, 0, 0.0),rgba(0, 0, 0, 0.0)),url(https:\/\/www.ciprodukt.si\/wp-content\/uploads\/2024\/10\/bg-nagradna.jpg);\">\n\t\t<div class=\"title-banner-bg-mobile-shadow\"><\/div>\n\t\t<\/div>\n\t\t\t\t\n\t\t<div class=\"title-banner\">\n\t\t\t<div class=\"container\">\n\t\t\t\t<div class=\"breadcrumbs-container\">\n\t\t\t\t\t\t<div class=\"breadcrumbs\">\n\t\t\t\t\t\t\t\n\t<ul class=\"ns-breadcrumbs\">\n\t\t\t<li><a href=\"https:\/\/www.ciprodukt.si\/hr\/\">Dom<\/a><\/li>\n\t\t\t\t\t<li><a href=\"https:\/\/www.ciprodukt.si\/hr\/nagradna-igra\/\">Nagradna igra<\/a><\/li>\n\t\t\t\t<li>Op\u0107i uvjeti izvla\u010denja nagrada<\/li>\n\t<\/ul>\n\t\n\t\t\t\t\t\t\t\t<div class=\"clearfix\"><\/div>\n\t\t\t\t\t\t<\/div>\n\t\t\t\t<\/div>\n\t\t\t\t\t\t\t\t\t<h1 class=\"entry-title\">Op\u0107i uvjeti izvla\u010denja nagrada<\/h1>\n\t\t\t\t\t\t\t\t\t\t\t\t\t<p><\/p>\n\t\t\t<\/div>\n\t\t<\/div>\n\n\t\t[\/vc_column][\/vc_row][vc_row el_class=&#8221;sp-row&#8221;][vc_column][vc_column_text]<\/p>\n<h2>OP\u0106E ODREDBE<\/h2>\n<p><strong>\u010clanak 1<\/strong>.<\/p>\n<p>Organizator nagradne igre je Ci produkt d.o.o. (u daljnjem tekstu: organizator).<\/p>\n<h3>UVJETI SUDJELOVANJA<\/h3>\n<p><strong>\u010clanak 2<\/strong>.<\/p>\n<p>U slu\u010daju da se nagradni natje\u010daj odvija putem internetske dru\u0161tvene mre\u017ee Facebook, Instagram, Youtube ili TikTok, u nagradnom natje\u010daju mogu sudjelovati sve osobe koje su povezane s pojedinim profilom na kojem se odr\u017eava nagradni natje\u010daj ili sve osobe koje su kliknule na gumb &#8220;Svi\u0111a mi se&#8221; ili &#8220;Svi\u0111a mi se&#8221; na ovom profilu, osim ako tekstom najavljenog nagradnog natje\u010daja nije druga\u010dije odre\u0111eno.<\/p>\n<p>Sudjelovanje u nagradnoj igri nije uvjetovano kupnjom i ne napla\u0107uje se od strane organizatora.<\/p>\n<p>Sudionici nagradnog natje\u010daja sami snose sve tro\u0161kove sudjelovanja u nagradnom natje\u010daju.<\/p>\n<p>Tro\u0161kovi sudjelovanja uklju\u010duju, izme\u0111u ostalog:<\/p>\n<ul>\n<li>tro\u0161ak pristupa internetu;<\/li>\n<li>tro\u0161ak preuzimanja podataka s Interneta.<\/li>\n<\/ul>\n<p>U nagradnoj igri ne smiju sudjelovati zaposlenici i vanjski suradnici tvrtke Ci Produkt, d.o.o. ili \u010dlanovi njihove u\u017ee obitelji.<\/p>\n<p>Svaki pojedinac mo\u017ee sudjelovati u svakoj nagradnoj igri samo jednom.<\/p>\n<h3>TIJEK NAGRADNE IGRE<\/h3>\n<p><strong>\u010clanak 3<\/strong>.<\/p>\n<p>Detaljna prezentacija i tijek nagradne igre dostupni su na web stranici i\/ili Facebooku, Instagramu.<\/p>\n<h3>PRAVILA NAGRADNE IGRE<\/h3>\n<p><strong>\u010clanak 4<\/strong>.<\/p>\n<p>Datum po\u010detka i zavr\u0161etka nagradne igre objavljuje se na web stranici i\/ili Facebooku, Instagramu, Profilu, gdje se tako\u0111er odr\u017eava nagradni natje\u010daj.<\/p>\n<p>Sudjelovanjem u nagradnoj igri smatra se da sudionik prihva\u0107a ove op\u0107e uvjete sudjelovanja u nagradnoj igri te uvjete i odredbe objavljene na web stranici i\/ili Facebooku, Instagramu.<\/p>\n<p>U slu\u010daju davanja nepotpunih, neto\u010dnih ili neistinitih podataka (e-mail adresa ili podaci iz stavka 3. \u010dlanka 8. Op\u0107ih uvjeta nagradnih igara), prire\u0111iva\u010d zadr\u017eava pravo odbiti sudjelovanje u nagradnoj igri ili isklju\u010diti sudionika iz nagradne igre.<\/p>\n<p>Sudionik gubi pravo na nagradu ako organizator utvrdi da:<\/p>\n<ul>\n \tsudionik <\/p>\n<li>nije ispunio uvjete sudjelovanja;<\/li>\n<li>Sudionik je prekr\u0161io pravila i uvjete sudjelovanja u nagradnoj igri;<\/li>\n<li>sudionik ne \u017eeli ispuniti obveze iz ovih uvjeta ili posebnih uvjeta objavljenih na web stranici i\/ili Facebooku, Instagramu, Profilu ili ih nije pravodobno ispunio;<\/li>\n<li>U slu\u010daju prijava: ako je prijava na bilo koji na\u010din neadekvatna.<\/li>\n<\/ul>\n<p>U slu\u010daju da sudionik izgubi pravo na nagradu, organizator \u0107e odlu\u010diti ho\u0107e li nagradu dodijeliti nekom drugom ili ne.<\/p>\n<p>U mjeri u kojoj uvjeti nagradne igre uvjetuju sudjelovanje u nagradnoj igri slanjem skica, crte\u017ea, fotografija, videozapisa ili drugog materijala za\u0161ti\u0107enog autorskim pravima, sudionik slanjem materijala organizatoru jam\u010di da ima sva materijalna autorska prava na tom materijalu te ih u cijelosti jednom zauvijek prenosi organizatoru nagradne igre.<\/p>\n<p>Slanjem materijala iz prethodnog stavka ovog \u010dlanka sudionik daje neopozivu suglasnost za objavljivanje, izlaganje, tisak, distribuciju i sl., djelomi\u010dno ili u cijelosti, bez ograni\u010denja u pretvorbi ili obradi materijala, u svim medijima (tiskani mediji, web stranice, Facebook, Instagram, Youtube ili TikTok profili, reklamna izdanja ili drugi mediji) organizatora ili suorganizatora nagradne igre bez prava na naknadu ili isplatu. Istodobno, odri\u010dete se prava na pregled, odobravanje, prigovor na bilo kakvu uporabu materijala, uredni\u010dki izbor ili izgled materijala.<\/p>\n<p>U slu\u010daju da je sudionik izvu\u010den ili odabran za pobjednika, prihva\u0107anjem nagrade sudionik daje suglasnost za suradnju s organizatorom ili suorganizatorom u smislu fotografiranja dobitnika u svrhu ogla\u0161avanja ili objavljivanja tako pribavljenog materijala u svim medijima (tiskanim medijima, web stranicama, Facebooku, Instagramu, profilima, reklamnim izdanjima ili drugim medijima) organizatora ili suorganizatora nagradne igre bez prava na naknadu ili isplatu. Istodobno, odri\u010dete se prava na pregled, odobravanje, prigovor na bilo kakvu uporabu materijala, uredni\u010dki izbor ili izgled materijala.<\/p>\n<h3>NAGRADE<\/h3>\n<p><strong>\u010clanak 5<\/strong>.<\/p>\n<p>Pojedina\u010dni sudionik nagradne igre mo\u017ee dobiti samo jednu od nagrada. Ako je sudionik izvu\u010den dva ili vi\u0161e puta, dobit \u0107e nagradu za koju je izvu\u010den prvi.<\/p>\n<p>Vrsta i opis nagrada predstavljeni su u tekstu objave natje\u010daja na web stranici i\/ili Facebooku, Instagramu, Profilu, gdje se tako\u0111er odr\u017eava nagradni natje\u010daj.<\/p>\n<p>Nagrade se ne mogu zamijeniti za drugu vrstu nagrade, isplatiti u gotovini ili prenijeti tre\u0107im stranama.<\/p>\n<h3>NAGRADNA ATRAKCIJA<\/h3>\n<p><strong>\u010clanak 6<\/strong>.<\/p>\n<p>Za organizaciju, provedbu i nadzor tijeka nagradne igre i izvla\u010denja pobjednika brine se komisija sastavljena od predstavnika organizatora i\/ili predstavnika suorganizatora.<\/p>\n<p>Izvla\u010denje nagrada odr\u017eat \u0107e se na dan naveden u opisu nagradne igre na web stranici i\/ili Facebooku, Instagramu, Profilu, a najkasnije 7 dana nakon zavr\u0161etka nagradne igre u sjedi\u0161tu organizatora (Moste 80 G, 1218 Komenda).<\/p>\n<h3>OBAVIJEST POBJEDNIKA<\/h3>\n<p><strong>\u010clanak 7<\/strong>.<\/p>\n<p>Pobjednik \u0107e primiti obavijest o nagradi putem objave na svom profilu ili privatne poruke na svom Facebooku, Instagramu, Profilu ili na svoju e-mail adresu koju je naveo na po\u010detku nagradne igre na web stranici.<\/p>\n<p>Sudjelovanjem u pojedina\u010dnoj nagradnoj igri sudionik je suglasan da \u0107e ga u slu\u010daju izvla\u010denja organizator objaviti kao pobjednika na zidu Facebook profila, Instagram profila, videa te ga ozna\u010diti (&#8220;tag&#8221;). U slu\u010daju da se nagradna igra odvija samo na web stranici, sudionik je suglasan da \u0107e ga u slu\u010daju izvla\u010denja organizator objaviti kao pobjednika na web stranici na kojoj se tako\u0111er odvija nagradna igra.<\/p>\n<p>Popis dobitnika bit \u0107e objavljen na web stranici i\/ili Facebooku, Instagramu, Youtubeu ili TikTok profilu najkasnije tri dana nakon izvla\u010denja nagrada. U slu\u010daju da izvla\u010denje provodi suorganizator, popis \u0107e biti objavljen najkasnije deset dana od dana izvla\u010denja.<\/p>\n<p>Rezultati nagradne igre su kona\u010dni. Na njih se ne mo\u017ee \u017ealiti.<\/p>\n<h3>PRIMANJE NAGRADA<\/h3>\n<p><strong>\u010clanak 8<\/strong>.<\/p>\n<p>Kao pobjednik, sudionik ima pravo na nagradu ako ga organizator ili administrator web stranice i\/ili Facebooka, Instagrama, profila obavijesti o nagradi u dogovorenom roku.<\/p>\n<p>Nagrade se oporezuju prema Zakonu o porezu na dohodak. Dobitnik je obveznik pla\u0107anja poreza na dohodak sukladno Zakonu o porezu na dohodak (ostali primici, koji uklju\u010duju i nagrade). Predujam poreza na dohodak obra\u010dunava i pla\u0107a organizator nagradne igre ili suorganizator ili sponzor koji osigurava nagradu.<\/p>\n<p>Za preuzimanje nagrade dobitnik je du\u017ean na pisani zahtjev organizatora dostaviti sljede\u0107e osobne podatke: ime i prezime, to\u010dnu adresu prebivali\u0161ta, mjesto prebivali\u0161ta, porezni broj i poreznu upravu. U svrhu obavje\u0161tavanja o primitku nagrade, dobitnik \u0107e navesti i kontakt broj telefona.<\/p>\n<p>Ako dobitnik ne dostavi potrebne podatke u roku od sedam dana od datuma poziva, gubi pravo na nagradu bez prava na bilo kakvu naknadu.<\/p>\n<p>Organizator \u0107e dobitnika obavijestiti o na\u010dinu preuzimanja nagrade pisanim pozivom iz stavka (3) ovog \u010dlanka. Nagrada se prikuplja na adresi Moste 80g, 1218 Komenda.<\/p>\n<h3>ZA\u0160TITA INFORMACIJA I OSOBNIH PODATAKA<\/h3>\n<p><strong>\u010clanak 9<\/strong>.<\/p>\n<p>(1) Organizator Ci produkt, d.o.o., kao voditelj obrade osobnih podataka, po\u0161tuje privatnost sudionika pojedina\u010dne nagradne igre te se obvezuje pa\u017eljivo postupati s osobnim podacima dobivenim tijekom nagradne igre, \u0161tititi ih i obra\u0111ivati u skladu sa Zakonom o za\u0161titi osobnih podataka i Pravilima o za\u0161titi osobnih podataka koje je donio organizator.<\/p>\n<p>Bez izri\u010ditog pristanka sudionika svake nagradne igre, osobni podaci sudionika ne\u0107e se proslje\u0111ivati tre\u0107oj strani niti koristiti u druge svrhe osim isklju\u010divo u svrhu uspje\u0161ne sveobuhvatne provedbe nagradne igre, osim ako propisima nije druga\u010dije odre\u0111eno.<\/p>\n<p>U slu\u010daju da organizator organizira nagradnu igru zajedno sa suorganizatorom, suorganizator \u0107e suorganizatoru dostaviti popis dobitnika. Organizator ne preuzima odgovornost za pravilnu obradu i pohranu podataka koji su dostavljeni suorganizatoru.<\/p>\n<p>Ukoliko sudionik nagradne igre pristane dostaviti podatke suorganizatoru, organizator \u0107e sve podatke takvih korisnika proslijediti suorganizatoru nakon zavr\u0161etka igre. Organizator ne preuzima odgovornost za pravilnu obradu i pohranu podataka koji su dostavljeni suorganizatoru.<\/p>\n<p>Ukoliko sudionik nagradne igre pristane primati e-novosti od organizatora i\/ili suorganizatora, organizator mo\u017ee proslijediti i e-mail adrese suorganizatoru nagradne igre.<\/p>\n<p>Organizator ne preuzima nikakvu odgovornost za za\u0161titu podataka na web stranicama na koje vode odre\u0111ene poveznice na web stranicama prire\u0111iva\u010da, niti preuzima odgovornost za bilo kakve pogre\u0161ke koje mogu nastati prilikom davanja neto\u010dnih ili la\u017enih podataka od strane sudionika nagradne igre.<\/p>\n<p>Sudionik nagradnog natje\u010daja omogu\u0107uje organizatoru, kao upravitelju prikupljanja osobnih podataka, da \u010duva, odr\u017eava i obra\u0111uje prikupljanje osobnih podataka dostavljenih u svrhu nagradne igre u skladu sa Zakonom o za\u0161titi osobnih podataka (Narodne novine Republike Slovenije br. 86\/04 i 67\/07) do otkazivanja sudionika ili dok se ne ispuni svrha obrade podataka.<\/p>\n<p>Osobni podaci u bazi osobnih podataka dobitnika i svrha njihovog prikupljanja, obrade, pohrane i kori\u0161tenja:<\/p>\n<ul>\n<li>e-mail adresa (u svrhu sudjelovanja u nagradnoj igri, izvla\u010denja \u017edrijeba i slanja pisanih zahtjeva organizatora za daljnje postupanje u slu\u010daju prava na nagradu);<\/li>\n<li>ime i prezime, adresa i mjesto prebivali\u0161ta (u svrhu identifikacije dobitnika, izvla\u010denja \u017edrijeba, obavje\u0161tavanja o nagradama i informiranja o na\u010dinu naplate nagrada te za potrebe prijavljivanja poreznim tijelima u skladu s va\u017ee\u0107im poreznim zakonodavstvom u Republici Sloveniji);<\/li>\n<li>kontakt telefon ili GSM broj (u svrhu obavje\u0161tavanja u slu\u010daju bilo kakvih problema s isporukom nagrade);<br \/>\nporezni broj i porezna uprava dobitnika (za potrebe prijave poreznoj upravi u skladu s va\u017ee\u0107im poreznim zakonodavstvom u Republici Sloveniji)<\/li>\n<\/ul>\n<p>Tijekom razdoblja upravljanja osobnim podacima, svaki pojedini sudionik ima mogu\u0107nost pregleda, prepisa, kopiranja, dopunjavanja, ispravljanja, blokiranja i brisanja osobnih podataka u bazi osobnih podataka, u skladu s va\u017ee\u0107im propisima i politikom privatnosti.<\/p>\n<p>Podaci se pohranjuju u ra\u010dunalnom obliku. Nakon prestanka potrebe za \u010duvanjem podataka ili na temelju zahtjeva dobitnika, podaci se bri\u0161u.<\/p>\n<p>Korisnici podataka su administrator web stranice i\/ili Facebook profila i odgovorni su za isporuku nagrada.<\/p>\n<p>Sudjelovanjem u nagradnoj igri sudionik je suglasan da mu prire\u0111iva\u010d mo\u017ee besplatno slati op\u0107e informacije vezane uz nagradnu igru putem e-maila ili telefonskog broja iz stavka 3. \u010clanak 8. ovih Uvjeta do opoziva ove privole ili dok se ne ispuni svrha pohrane kontakt podataka.<\/p>\n<h3>ZAVR\u0160NE I PRIJELAZNE ODREDBE<\/h3>\n<p><strong>\u010clanak 10<\/strong>.<\/p>\n<p>Sudionici nagradne igre tako\u0111er prihva\u0107aju uvjete i odredbe Facebook zajednice zajedno s uvjetima i odredbama nagradne igre. Organizator ne preuzima nikakvu odgovornost za nepo\u0161tivanje uvjeta kori\u0161tenja Facebook zajednice od strane sudionika nagradne igre. Tako\u0111er ne preuzima odgovornost za bilo kakve posljedice nastale kao posljedica objavljivanja na Facebook profilu.<\/p>\n<p>Prire\u0111iva\u010d zadr\u017eava pravo izmjene i dopune uvjeta nagrade igre ako je to potrebno iz razloga tehni\u010dke ili komercijalne prirode ili iz razloga javnosti.<\/p>\n<p>Organizator \u0107e sudionike obavje\u0161tavati o svim promjenama i novitetima nagradne igre objavom na web stranici i\/ili Facebook profilu.<\/p>\n<p>Pitanja o povjerljivosti i kori\u0161tenju va\u0161ih osobnih podataka \u0161aljite na sljede\u0107u e-mail adresu: inf&#111;&#64;&#x63;&#x69;&#x70;&#x72;&#x6f;duk&#116;&#46;&#x73;&#x69;[\/vc_column_text][\/vc_column][\/vc_row]<\/p>\n<\/div>","protected":false},"excerpt":{"rendered":"<p>[vc_row full_width=&#8221;stretch_row_content_no_spaces&#8221; el_class=&#8221;sp-page-title&#8221;][vc_column][\/vc_column][\/vc_row][vc_row el_class=&#8221;sp-row&#8221;][vc_column][vc_column_text] OP\u0106E ODREDBE \u010clanak 1. Organizator nagradne igre je Ci produkt d.o.o. (u daljnjem tekstu: organizator). UVJETI SUDJELOVANJA \u010clanak 2. U slu\u010daju da se nagradni natje\u010daj odvija putem internetske dru\u0161tvene mre\u017ee Facebook, Instagram, Youtube ili TikTok, u nagradnom natje\u010daju mogu sudjelovati sve osobe koje su povezane s pojedinim profilom na kojem se odr\u017eava nagradni natje\u010daj ili sve osobe koje su kliknule na gumb &#8220;Svi\u0111a mi se&#8221; ili &#8220;Svi\u0111a mi se&#8221; na ovom profilu, osim ako tekstom najavljenog nagradnog natje\u010daja nije druga\u010dije odre\u0111eno. Sudjelovanje u nagradnoj igri nije uvjetovano kupnjom i ne napla\u0107uje se od strane organizatora. Sudionici nagradnog natje\u010daja sami snose sve tro\u0161kove sudjelovanja u nagradnom natje\u010daju. Tro\u0161kovi sudjelovanja uklju\u010duju, izme\u0111u ostalog: tro\u0161ak pristupa internetu; tro\u0161ak preuzimanja [&hellip;]<\/p>\n","protected":false},"author":1,"featured_media":0,"parent":3243,"menu_order":0,"comment_status":"closed","ping_status":"closed","template":"","meta":{"footnotes":""},"class_list":["post-3245","page","type-page","status-publish","hentry"],"yoast_head":"<!-- This site is optimized with the Yoast SEO plugin v21.3 - https:\/\/yoast.com\/wordpress\/plugins\/seo\/ -->\n<title>Op\u0107i uvjeti izvla\u010denja nagrada - CI Produkt<\/title>\n<meta name=\"description\" content=\"OP\u0106E ODREDBE \u010clanak 1. Organizator nagradne igre je Ci produkt d.o.o. (u daljnjem tekstu: organizator). UVJETI SUDJELOVANJA \u010clanak 2. U slu\u010daju da se nagradni natje\u010daj odvija putem internetske dru\u0161tvene mre\u017ee\" \/>\n<meta name=\"robots\" content=\"index, follow, max-snippet:-1, max-image-preview:large, max-video-preview:-1\" \/>\n<link rel=\"canonical\" href=\"https:\/\/www.ciprodukt.si\/nagradna-igra\/splosni-pogoji-nagradne-igre\/\" \/>\n<meta property=\"og:locale\" content=\"hr_HR\" \/>\n<meta property=\"og:type\" content=\"article\" \/>\n<meta property=\"og:title\" content=\"Op\u0107i uvjeti izvla\u010denja nagrada - CI Produkt\" \/>\n<meta property=\"og:description\" content=\"[vc_row full_width=&#8221;stretch_row_content_no_spaces&#8221; el_class=&#8221;sp-page-title&#8221;][vc_column][\/vc_column][\/vc_row][vc_row el_class=&#8221;sp-row&#8221;][vc_column][vc_column_text] OP\u0106E ODREDBE \u010clanak 1. Organizator nagradne igre je Ci produkt d.o.o. (u daljnjem tekstu: organizator). UVJETI SUDJELOVANJA \u010clanak 2. U slu\u010daju da se nagradni natje\u010daj odvija putem internetske dru\u0161tvene mre\u017ee Facebook, Instagram, Youtube ili TikTok, u nagradnom natje\u010daju mogu sudjelovati sve osobe koje su povezane s pojedinim profilom na kojem se odr\u017eava nagradni natje\u010daj ili sve osobe koje su kliknule na gumb &#8220;Svi\u0111a mi se&#8221; ili &#8220;Svi\u0111a mi se&#8221; na ovom profilu, osim ako tekstom najavljenog nagradnog natje\u010daja nije druga\u010dije odre\u0111eno. Sudjelovanje u nagradnoj igri nije uvjetovano kupnjom i ne napla\u0107uje se od strane organizatora. Sudionici nagradnog natje\u010daja sami snose sve tro\u0161kove sudjelovanja u nagradnom natje\u010daju. Tro\u0161kovi sudjelovanja uklju\u010duju, izme\u0111u ostalog: tro\u0161ak pristupa internetu; tro\u0161ak preuzimanja [&hellip;]\" \/>\n<meta property=\"og:url\" content=\"https:\/\/www.ciprodukt.si\/nagradna-igra\/splosni-pogoji-nagradne-igre\/\" \/>\n<meta property=\"og:site_name\" content=\"CI Produkt\" \/>\n<meta name=\"twitter:card\" content=\"summary_large_image\" \/>\n<meta name=\"twitter:label1\" content=\"Procijenjeno vrijeme \u010ditanja\" \/>\n\t<meta name=\"twitter:data1\" content=\"9 minuta\" \/>\n<script type=\"application\/ld+json\" class=\"yoast-schema-graph\">{\"@context\":\"https:\/\/schema.org\",\"@graph\":[{\"@type\":\"WebPage\",\"@id\":\"https:\/\/www.ciprodukt.si\/nagradna-igra\/splosni-pogoji-nagradne-igre\/\",\"url\":\"https:\/\/www.ciprodukt.si\/nagradna-igra\/splosni-pogoji-nagradne-igre\/\",\"name\":\"Op\u0107i uvjeti izvla\u010denja nagrada - CI Produkt\",\"isPartOf\":{\"@id\":\"https:\/\/www.ciprodukt.si\/#website\"},\"datePublished\":\"2025-06-16T07:54:40+00:00\",\"dateModified\":\"2025-06-16T07:54:40+00:00\",\"breadcrumb\":{\"@id\":\"https:\/\/www.ciprodukt.si\/nagradna-igra\/splosni-pogoji-nagradne-igre\/#breadcrumb\"},\"inLanguage\":\"hr\",\"potentialAction\":[{\"@type\":\"ReadAction\",\"target\":[\"https:\/\/www.ciprodukt.si\/nagradna-igra\/splosni-pogoji-nagradne-igre\/\"]}]},{\"@type\":\"BreadcrumbList\",\"@id\":\"https:\/\/www.ciprodukt.si\/nagradna-igra\/splosni-pogoji-nagradne-igre\/#breadcrumb\",\"itemListElement\":[{\"@type\":\"ListItem\",\"position\":1,\"name\":\"Home\",\"item\":\"https:\/\/www.ciprodukt.si\/hr\/\"},{\"@type\":\"ListItem\",\"position\":2,\"name\":\"Nagradna igra\",\"item\":\"https:\/\/www.ciprodukt.si\/nagradna-igra\/\"},{\"@type\":\"ListItem\",\"position\":3,\"name\":\"Op\u0107i uvjeti izvla\u010denja nagrada\"}]},{\"@type\":\"WebSite\",\"@id\":\"https:\/\/www.ciprodukt.si\/#website\",\"url\":\"https:\/\/www.ciprodukt.si\/\",\"name\":\"CI Produkt\",\"description\":\"\",\"potentialAction\":[{\"@type\":\"SearchAction\",\"target\":{\"@type\":\"EntryPoint\",\"urlTemplate\":\"https:\/\/www.ciprodukt.si\/?s={search_term_string}\"},\"query-input\":\"required name=search_term_string\"}],\"inLanguage\":\"hr\"}]}<\/script>\n<!-- \/ Yoast SEO plugin. -->","yoast_head_json":{"title":"Op\u0107i uvjeti izvla\u010denja nagrada - CI Produkt","description":"OP\u0106E ODREDBE \u010clanak 1. Organizator nagradne igre je Ci produkt d.o.o. (u daljnjem tekstu: organizator). UVJETI SUDJELOVANJA \u010clanak 2. U slu\u010daju da se nagradni natje\u010daj odvija putem internetske dru\u0161tvene mre\u017ee","robots":{"index":"index","follow":"follow","max-snippet":"max-snippet:-1","max-image-preview":"max-image-preview:large","max-video-preview":"max-video-preview:-1"},"canonical":"https:\/\/www.ciprodukt.si\/nagradna-igra\/splosni-pogoji-nagradne-igre\/","og_locale":"hr_HR","og_type":"article","og_title":"Op\u0107i uvjeti izvla\u010denja nagrada - CI Produkt","og_description":"[vc_row full_width=&#8221;stretch_row_content_no_spaces&#8221; el_class=&#8221;sp-page-title&#8221;][vc_column][\/vc_column][\/vc_row][vc_row el_class=&#8221;sp-row&#8221;][vc_column][vc_column_text] OP\u0106E ODREDBE \u010clanak 1. Organizator nagradne igre je Ci produkt d.o.o. (u daljnjem tekstu: organizator). UVJETI SUDJELOVANJA \u010clanak 2. U slu\u010daju da se nagradni natje\u010daj odvija putem internetske dru\u0161tvene mre\u017ee Facebook, Instagram, Youtube ili TikTok, u nagradnom natje\u010daju mogu sudjelovati sve osobe koje su povezane s pojedinim profilom na kojem se odr\u017eava nagradni natje\u010daj ili sve osobe koje su kliknule na gumb &#8220;Svi\u0111a mi se&#8221; ili &#8220;Svi\u0111a mi se&#8221; na ovom profilu, osim ako tekstom najavljenog nagradnog natje\u010daja nije druga\u010dije odre\u0111eno. Sudjelovanje u nagradnoj igri nije uvjetovano kupnjom i ne napla\u0107uje se od strane organizatora. Sudionici nagradnog natje\u010daja sami snose sve tro\u0161kove sudjelovanja u nagradnom natje\u010daju. Tro\u0161kovi sudjelovanja uklju\u010duju, izme\u0111u ostalog: tro\u0161ak pristupa internetu; tro\u0161ak preuzimanja [&hellip;]","og_url":"https:\/\/www.ciprodukt.si\/nagradna-igra\/splosni-pogoji-nagradne-igre\/","og_site_name":"CI Produkt","twitter_card":"summary_large_image","twitter_misc":{"Procijenjeno vrijeme \u010ditanja":"9 minuta"},"schema":{"@context":"https:\/\/schema.org","@graph":[{"@type":"WebPage","@id":"https:\/\/www.ciprodukt.si\/nagradna-igra\/splosni-pogoji-nagradne-igre\/","url":"https:\/\/www.ciprodukt.si\/nagradna-igra\/splosni-pogoji-nagradne-igre\/","name":"Op\u0107i uvjeti izvla\u010denja nagrada - CI Produkt","isPartOf":{"@id":"https:\/\/www.ciprodukt.si\/#website"},"datePublished":"2025-06-16T07:54:40+00:00","dateModified":"2025-06-16T07:54:40+00:00","breadcrumb":{"@id":"https:\/\/www.ciprodukt.si\/nagradna-igra\/splosni-pogoji-nagradne-igre\/#breadcrumb"},"inLanguage":"hr","potentialAction":[{"@type":"ReadAction","target":["https:\/\/www.ciprodukt.si\/nagradna-igra\/splosni-pogoji-nagradne-igre\/"]}]},{"@type":"BreadcrumbList","@id":"https:\/\/www.ciprodukt.si\/nagradna-igra\/splosni-pogoji-nagradne-igre\/#breadcrumb","itemListElement":[{"@type":"ListItem","position":1,"name":"Home","item":"https:\/\/www.ciprodukt.si\/hr\/"},{"@type":"ListItem","position":2,"name":"Nagradna igra","item":"https:\/\/www.ciprodukt.si\/nagradna-igra\/"},{"@type":"ListItem","position":3,"name":"Op\u0107i uvjeti izvla\u010denja nagrada"}]},{"@type":"WebSite","@id":"https:\/\/www.ciprodukt.si\/#website","url":"https:\/\/www.ciprodukt.si\/","name":"CI Produkt","description":"","potentialAction":[{"@type":"SearchAction","target":{"@type":"EntryPoint","urlTemplate":"https:\/\/www.ciprodukt.si\/?s={search_term_string}"},"query-input":"required name=search_term_string"}],"inLanguage":"hr"}]}},"_links":{"self":[{"href":"https:\/\/www.ciprodukt.si\/hr\/wp-json\/wp\/v2\/pages\/3245","targetHints":{"allow":["GET"]}}],"collection":[{"href":"https:\/\/www.ciprodukt.si\/hr\/wp-json\/wp\/v2\/pages"}],"about":[{"href":"https:\/\/www.ciprodukt.si\/hr\/wp-json\/wp\/v2\/types\/page"}],"author":[{"embeddable":true,"href":"https:\/\/www.ciprodukt.si\/hr\/wp-json\/wp\/v2\/users\/1"}],"replies":[{"embeddable":true,"href":"https:\/\/www.ciprodukt.si\/hr\/wp-json\/wp\/v2\/comments?post=3245"}],"version-history":[{"count":1,"href":"https:\/\/www.ciprodukt.si\/hr\/wp-json\/wp\/v2\/pages\/3245\/revisions"}],"predecessor-version":[{"id":3246,"href":"https:\/\/www.ciprodukt.si\/hr\/wp-json\/wp\/v2\/pages\/3245\/revisions\/3246"}],"up":[{"embeddable":true,"href":"https:\/\/www.ciprodukt.si\/hr\/wp-json\/wp\/v2\/pages\/3243"}],"wp:attachment":[{"href":"https:\/\/www.ciprodukt.si\/hr\/wp-json\/wp\/v2\/media?parent=3245"}],"curies":[{"name":"wp","href":"https:\/\/api.w.org\/{rel}","templated":true}]}}