{"id":3265,"date":"2025-06-16T08:58:40","date_gmt":"2025-06-16T07:58:40","guid":{"rendered":"https:\/\/www.ciprodukt.si\/avtorji-2\/"},"modified":"2025-06-16T08:58:40","modified_gmt":"2025-06-16T07:58:40","slug":"autori","status":"publish","type":"page","link":"https:\/\/www.ciprodukt.si\/hr\/autori\/","title":{"rendered":"Autori"},"content":{"rendered":"<div class=\"wpb-content-wrapper\"><p>[vc_row full_width=&#8221;stretch_row_content_no_spaces&#8221; el_class=&#8221;sp-page-title&#8221;][vc_column]\t\t\n\t\t<div class=\"title-banner-bg\" style=\"background-image: linear-gradient(rgba(0, 0, 0, 0.0),rgba(0, 0, 0, 0.0)),url(https:\/\/www.ciprodukt.si\/wp-content\/uploads\/2024\/05\/poslovni-objekt-ccn-1.jpg);\">\n\t\t<div class=\"title-banner-bg-mobile-shadow\"><\/div>\n\t\t<\/div>\n\t\t\t\t\n\t\t<div class=\"title-banner\">\n\t\t\t<div class=\"container\">\n\t\t\t\t<div class=\"breadcrumbs-container\">\n\t\t\t\t\t\t<div class=\"breadcrumbs\">\n\t\t\t\t\t\t\t\n\t<ul class=\"ns-breadcrumbs\">\n\t\t\t<li><a href=\"https:\/\/www.ciprodukt.si\/hr\/\">Dom<\/a><\/li>\n\t\t\t\t<li>Autori<\/li>\n\t<\/ul>\n\t\n\t\t\t\t\t\t\t\t<div class=\"clearfix\"><\/div>\n\t\t\t\t\t\t<\/div>\n\t\t\t\t<\/div>\n\t\t\t\t\t\t\t\t\t<h1 class=\"entry-title\">Autori<\/h1>\n\t\t\t\t\t\t\t\t\t\t\t\t\t<p><\/p>\n\t\t\t<\/div>\n\t\t<\/div>\n\n\t\t[\/vc_column][\/vc_row][vc_row][vc_column][vc_column_text]<\/p>\n<h3>Izrada i dizajn web stranica<\/h3>\n<p>Prilikom postavljanja web stranice<strong>, digitalna agencija <span style=\"color: #f56702\">novi<\/span>Splet <\/strong>pobrinula se o:<\/p>\n<ul>\n<li>UX dizajn<\/li>\n<li>izrada web stranica,<\/li>\n<li>tehni\u010dki aspekt,<\/li>\n<li>provedba cijelog projekta.<\/li>\n<\/ul>\n<p>Vi\u0161e o <strong><a href=\"https:\/\/www.novisplet.com\/\" target=\"_blank\" rel=\"noopener\">www.novisplet.com<\/a><\/strong><\/p>\n<h3><\/h3>\n<h3>Sadr\u017eaj stranice<\/h3>\n<p>Tekstove i slike na web stranici izradio <strong>je CI Produkt d.o.o.<\/strong>[\/vc_column_text][\/vc_column][\/vc_row][vc_row][vc_column][vc_empty_space][\/vc_column][\/vc_row]<\/p>\n<\/div>","protected":false},"excerpt":{"rendered":"<p>[vc_row full_width=&#8221;stretch_row_content_no_spaces&#8221; el_class=&#8221;sp-page-title&#8221;][vc_column][\/vc_column][\/vc_row][vc_row][vc_column][vc_column_text] Izrada i dizajn web stranica Prilikom postavljanja web stranice, digitalna agencija noviSplet pobrinula se o: UX dizajn izrada web stranica, tehni\u010dki aspekt, provedba cijelog projekta. Vi\u0161e o www.novisplet.com Sadr\u017eaj stranice Tekstove i slike na web stranici izradio je CI Produkt d.o.o.[\/vc_column_text][\/vc_column][\/vc_row][vc_row][vc_column][vc_empty_space][\/vc_column][\/vc_row]<\/p>\n","protected":false},"author":1,"featured_media":0,"parent":0,"menu_order":9,"comment_status":"closed","ping_status":"closed","template":"","meta":{"footnotes":""},"class_list":["post-3265","page","type-page","status-publish","hentry"],"yoast_head":"<!-- This site is optimized with the Yoast SEO plugin v21.3 - https:\/\/yoast.com\/wordpress\/plugins\/seo\/ -->\n<title>Autori - CI Produkt<\/title>\n<meta name=\"description\" content=\"Izrada i dizajn web stranica Prilikom postavljanja web stranice, digitalna agencija noviSplet pobrinula se o: UX dizajn izrada web stranica, tehni\u010dki aspekt, provedba cijelog projekta. Vi\u0161e o www.novisplet.com Sadr\u017eaj stranice\" \/>\n<meta name=\"robots\" content=\"index, follow, max-snippet:-1, max-image-preview:large, max-video-preview:-1\" \/>\n<link rel=\"canonical\" href=\"https:\/\/www.ciprodukt.si\/avtorji\/\" \/>\n<meta property=\"og:locale\" content=\"hr_HR\" \/>\n<meta property=\"og:type\" content=\"article\" \/>\n<meta property=\"og:title\" content=\"Autori - CI Produkt\" \/>\n<meta property=\"og:description\" content=\"[vc_row full_width=&#8221;stretch_row_content_no_spaces&#8221; el_class=&#8221;sp-page-title&#8221;][vc_column][\/vc_column][\/vc_row][vc_row][vc_column][vc_column_text] Izrada i dizajn web stranica Prilikom postavljanja web stranice, digitalna agencija noviSplet pobrinula se o: UX dizajn izrada web stranica, tehni\u010dki aspekt, provedba cijelog projekta. Vi\u0161e o www.novisplet.com Sadr\u017eaj stranice Tekstove i slike na web stranici izradio je CI Produkt d.o.o.[\/vc_column_text][\/vc_column][\/vc_row][vc_row][vc_column][vc_empty_space][\/vc_column][\/vc_row]\" \/>\n<meta property=\"og:url\" content=\"https:\/\/www.ciprodukt.si\/avtorji\/\" \/>\n<meta property=\"og:site_name\" content=\"CI Produkt\" \/>\n<meta name=\"twitter:card\" content=\"summary_large_image\" \/>\n<meta name=\"twitter:label1\" content=\"Procijenjeno vrijeme \u010ditanja\" \/>\n\t<meta name=\"twitter:data1\" content=\"1 minuta\" \/>\n<script type=\"application\/ld+json\" class=\"yoast-schema-graph\">{\"@context\":\"https:\/\/schema.org\",\"@graph\":[{\"@type\":\"WebPage\",\"@id\":\"https:\/\/www.ciprodukt.si\/avtorji\/\",\"url\":\"https:\/\/www.ciprodukt.si\/avtorji\/\",\"name\":\"Autori - CI Produkt\",\"isPartOf\":{\"@id\":\"https:\/\/www.ciprodukt.si\/#website\"},\"datePublished\":\"2025-06-16T07:58:40+00:00\",\"dateModified\":\"2025-06-16T07:58:40+00:00\",\"breadcrumb\":{\"@id\":\"https:\/\/www.ciprodukt.si\/avtorji\/#breadcrumb\"},\"inLanguage\":\"hr\",\"potentialAction\":[{\"@type\":\"ReadAction\",\"target\":[\"https:\/\/www.ciprodukt.si\/avtorji\/\"]}]},{\"@type\":\"BreadcrumbList\",\"@id\":\"https:\/\/www.ciprodukt.si\/avtorji\/#breadcrumb\",\"itemListElement\":[{\"@type\":\"ListItem\",\"position\":1,\"name\":\"Home\",\"item\":\"https:\/\/www.ciprodukt.si\/hr\/\"},{\"@type\":\"ListItem\",\"position\":2,\"name\":\"Autori\"}]},{\"@type\":\"WebSite\",\"@id\":\"https:\/\/www.ciprodukt.si\/#website\",\"url\":\"https:\/\/www.ciprodukt.si\/\",\"name\":\"CI Produkt\",\"description\":\"\",\"potentialAction\":[{\"@type\":\"SearchAction\",\"target\":{\"@type\":\"EntryPoint\",\"urlTemplate\":\"https:\/\/www.ciprodukt.si\/?s={search_term_string}\"},\"query-input\":\"required name=search_term_string\"}],\"inLanguage\":\"hr\"}]}<\/script>\n<!-- \/ Yoast SEO plugin. -->","yoast_head_json":{"title":"Autori - CI Produkt","description":"Izrada i dizajn web stranica Prilikom postavljanja web stranice, digitalna agencija noviSplet pobrinula se o: UX dizajn izrada web stranica, tehni\u010dki aspekt, provedba cijelog projekta. Vi\u0161e o www.novisplet.com Sadr\u017eaj stranice","robots":{"index":"index","follow":"follow","max-snippet":"max-snippet:-1","max-image-preview":"max-image-preview:large","max-video-preview":"max-video-preview:-1"},"canonical":"https:\/\/www.ciprodukt.si\/avtorji\/","og_locale":"hr_HR","og_type":"article","og_title":"Autori - CI Produkt","og_description":"[vc_row full_width=&#8221;stretch_row_content_no_spaces&#8221; el_class=&#8221;sp-page-title&#8221;][vc_column][\/vc_column][\/vc_row][vc_row][vc_column][vc_column_text] Izrada i dizajn web stranica Prilikom postavljanja web stranice, digitalna agencija noviSplet pobrinula se o: UX dizajn izrada web stranica, tehni\u010dki aspekt, provedba cijelog projekta. Vi\u0161e o www.novisplet.com Sadr\u017eaj stranice Tekstove i slike na web stranici izradio je CI Produkt d.o.o.[\/vc_column_text][\/vc_column][\/vc_row][vc_row][vc_column][vc_empty_space][\/vc_column][\/vc_row]","og_url":"https:\/\/www.ciprodukt.si\/avtorji\/","og_site_name":"CI Produkt","twitter_card":"summary_large_image","twitter_misc":{"Procijenjeno vrijeme \u010ditanja":"1 minuta"},"schema":{"@context":"https:\/\/schema.org","@graph":[{"@type":"WebPage","@id":"https:\/\/www.ciprodukt.si\/avtorji\/","url":"https:\/\/www.ciprodukt.si\/avtorji\/","name":"Autori - CI Produkt","isPartOf":{"@id":"https:\/\/www.ciprodukt.si\/#website"},"datePublished":"2025-06-16T07:58:40+00:00","dateModified":"2025-06-16T07:58:40+00:00","breadcrumb":{"@id":"https:\/\/www.ciprodukt.si\/avtorji\/#breadcrumb"},"inLanguage":"hr","potentialAction":[{"@type":"ReadAction","target":["https:\/\/www.ciprodukt.si\/avtorji\/"]}]},{"@type":"BreadcrumbList","@id":"https:\/\/www.ciprodukt.si\/avtorji\/#breadcrumb","itemListElement":[{"@type":"ListItem","position":1,"name":"Home","item":"https:\/\/www.ciprodukt.si\/hr\/"},{"@type":"ListItem","position":2,"name":"Autori"}]},{"@type":"WebSite","@id":"https:\/\/www.ciprodukt.si\/#website","url":"https:\/\/www.ciprodukt.si\/","name":"CI Produkt","description":"","potentialAction":[{"@type":"SearchAction","target":{"@type":"EntryPoint","urlTemplate":"https:\/\/www.ciprodukt.si\/?s={search_term_string}"},"query-input":"required name=search_term_string"}],"inLanguage":"hr"}]}},"_links":{"self":[{"href":"https:\/\/www.ciprodukt.si\/hr\/wp-json\/wp\/v2\/pages\/3265","targetHints":{"allow":["GET"]}}],"collection":[{"href":"https:\/\/www.ciprodukt.si\/hr\/wp-json\/wp\/v2\/pages"}],"about":[{"href":"https:\/\/www.ciprodukt.si\/hr\/wp-json\/wp\/v2\/types\/page"}],"author":[{"embeddable":true,"href":"https:\/\/www.ciprodukt.si\/hr\/wp-json\/wp\/v2\/users\/1"}],"replies":[{"embeddable":true,"href":"https:\/\/www.ciprodukt.si\/hr\/wp-json\/wp\/v2\/comments?post=3265"}],"version-history":[{"count":1,"href":"https:\/\/www.ciprodukt.si\/hr\/wp-json\/wp\/v2\/pages\/3265\/revisions"}],"predecessor-version":[{"id":3266,"href":"https:\/\/www.ciprodukt.si\/hr\/wp-json\/wp\/v2\/pages\/3265\/revisions\/3266"}],"wp:attachment":[{"href":"https:\/\/www.ciprodukt.si\/hr\/wp-json\/wp\/v2\/media?parent=3265"}],"curies":[{"name":"wp","href":"https:\/\/api.w.org\/{rel}","templated":true}]}}